{"id":987977,"date":"2025-10-11T11:18:43","date_gmt":"2025-10-11T09:18:43","guid":{"rendered":"https:\/\/peletysumperk.cz\/?page_id=987977"},"modified":"2025-12-06T14:45:35","modified_gmt":"2025-12-06T13:45:35","slug":"drevene-pelety-a1-special","status":"publish","type":"page","link":"https:\/\/peletysumperk.cz\/?page_id=987977","title":{"rendered":"Pelety &#8211; PREMIUM ENplus A1"},"content":{"rendered":"\t\t<div data-elementor-type=\"wp-page\" data-elementor-id=\"987977\" class=\"elementor elementor-987977\" data-elementor-post-type=\"page\">\n\t\t\t\t<div class=\"elementor-element elementor-element-b32a36a e-con-full e-flex e-con e-parent\" data-id=\"b32a36a\" data-element_type=\"container\">\n\t\t\t\t<div class=\"elementor-element elementor-element-3732a3a elementor-widget elementor-widget-heading\" data-id=\"3732a3a\" data-element_type=\"widget\" data-widget_type=\"heading.default\">\n\t\t\t\t\t<h2 class=\"elementor-heading-title elementor-size-default\">Pelety - PREMIUM ENplus A1<\/h2>\t\t\t\t<\/div>\n\t\t\t\t<div class=\"elementor-element elementor-element-27587f4 elementor-widget elementor-widget-image\" data-id=\"27587f4\" data-element_type=\"widget\" data-widget_type=\"image.default\">\n\t\t\t\t\t\t\t\t\t\t\t\t\t\t\t<img fetchpriority=\"high\" decoding=\"async\" width=\"1024\" height=\"768\" src=\"https:\/\/peletysumperk.cz\/wp-content\/uploads\/2025\/12\/PELETY_A1ENPLUS.webp\" class=\"attachment-large size-large wp-image-988159\" alt=\"\" srcset=\"https:\/\/peletysumperk.cz\/wp-content\/uploads\/2025\/12\/PELETY_A1ENPLUS.webp 1024w, https:\/\/peletysumperk.cz\/wp-content\/uploads\/2025\/12\/PELETY_A1ENPLUS-300x225.webp 300w, https:\/\/peletysumperk.cz\/wp-content\/uploads\/2025\/12\/PELETY_A1ENPLUS-768x576.webp 768w\" sizes=\"(max-width: 1024px) 100vw, 1024px\" \/>\t\t\t\t\t\t\t\t\t\t\t\t\t\t\t<\/div>\n\t\t\t\t<div class=\"elementor-element elementor-element-b97bf35 elementor-widget__width-initial elementor-widget elementor-widget-text-editor\" data-id=\"b97bf35\" data-element_type=\"widget\" data-widget_type=\"text-editor.default\">\n\t\t\t\t\t\t\t\t\t<p>Vysoce kvalitn\u00ed topn\u00e9 d\u0159evn\u00ed pelety vyroben\u00e9 z \u010dist\u00fdch smrkov\u00fdch pilin. Pelety jsou certifikovan\u00e9, lisovan\u00e9 bez pou\u017eit\u00ed jak\u00fdchkoli chemick\u00fdch pojiv a zaru\u010duj\u00ed efektivn\u00ed, ekologick\u00e9 a \u010dist\u00e9 spalov\u00e1n\u00ed. Skv\u011bl\u00e1 volba pro modern\u00ed automatick\u00e9 kotle i kamna na pelety.<\/p>\t\t\t\t\t\t\t\t<\/div>\n\t\t\t\t<\/div>\n\t\t<div class=\"elementor-element elementor-element-47e0b66 e-flex e-con-boxed e-con e-parent\" data-id=\"47e0b66\" data-element_type=\"container\">\n\t\t\t\t\t<div class=\"e-con-inner\">\n\t\t\t\t<div class=\"elementor-element elementor-element-fdb4599 elementor-widget-divider--view-line elementor-widget elementor-widget-divider\" data-id=\"fdb4599\" data-element_type=\"widget\" data-widget_type=\"divider.default\">\n\t\t\t\t\t\t\t<div class=\"elementor-divider\">\n\t\t\t<span class=\"elementor-divider-separator\">\n\t\t\t\t\t\t<\/span>\n\t\t<\/div>\n\t\t\t\t\t\t<\/div>\n\t\t\t\t\t<\/div>\n\t\t\t\t<\/div>\n\t\t<div class=\"elementor-element elementor-element-ed3c6fe elementor-invisible animated-fast e-flex e-con-boxed e-con e-child\" data-id=\"ed3c6fe\" data-element_type=\"container\" data-settings=\"{&quot;animation&quot;:&quot;fadeIn&quot;,&quot;animation_delay&quot;:50}\">\n\t\t\t\t\t<div class=\"e-con-inner\">\n\t\t<div class=\"elementor-element elementor-element-ab5b497 e-con-full e-flex e-con e-child\" data-id=\"ab5b497\" data-element_type=\"container\">\n\t\t\t\t<div class=\"elementor-element elementor-element-8371058 elementor-widget elementor-widget-heading\" data-id=\"8371058\" data-element_type=\"widget\" data-widget_type=\"heading.default\">\n\t\t\t\t\t<div class=\"elementor-heading-title elementor-size-default\">100<span class=\"color-accent-4\">%<\/span><\/div>\t\t\t\t<\/div>\n\t\t\t\t<div class=\"elementor-element elementor-element-c5ba79d elementor-widget elementor-widget-heading\" data-id=\"c5ba79d\" data-element_type=\"widget\" data-widget_type=\"heading.default\">\n\t\t\t\t\t<span class=\"elementor-heading-title elementor-size-default\">p\u0159\u00edrodn\u00ed smrkov\u00e9 d\u0159evo<\/span>\t\t\t\t<\/div>\n\t\t\t\t<\/div>\n\t\t<div class=\"elementor-element elementor-element-6917705 e-con-full e-flex e-con e-child\" data-id=\"6917705\" data-element_type=\"container\">\n\t\t\t\t<div class=\"elementor-element elementor-element-67024d9 elementor-widget elementor-widget-heading\" data-id=\"67024d9\" data-element_type=\"widget\" data-widget_type=\"heading.default\">\n\t\t\t\t\t<div class=\"elementor-heading-title elementor-size-default\"><span class=\"color-accent-4\">A1  <\/span><\/div>\t\t\t\t<\/div>\n\t\t\t\t<div class=\"elementor-element elementor-element-4f61388 elementor-widget elementor-widget-heading\" data-id=\"4f61388\" data-element_type=\"widget\" data-widget_type=\"heading.default\">\n\t\t\t\t\t<span class=\"elementor-heading-title elementor-size-default\">Certifikace<\/span>\t\t\t\t<\/div>\n\t\t\t\t<\/div>\n\t\t<div class=\"elementor-element elementor-element-c343dbd e-con-full e-flex e-con e-child\" data-id=\"c343dbd\" data-element_type=\"container\">\n\t\t\t\t<div class=\"elementor-element elementor-element-72d2bbf elementor-widget elementor-widget-heading\" data-id=\"72d2bbf\" data-element_type=\"widget\" data-widget_type=\"heading.default\">\n\t\t\t\t\t<div class=\"elementor-heading-title elementor-size-default\">17,6 <span class=\"color-accent-4\">MJ\/kg  <\/span><\/div>\t\t\t\t<\/div>\n\t\t\t\t<div class=\"elementor-element elementor-element-b412b40 elementor-widget elementor-widget-heading\" data-id=\"b412b40\" data-element_type=\"widget\" data-widget_type=\"heading.default\">\n\t\t\t\t\t<span class=\"elementor-heading-title elementor-size-default\">V\u00fdh\u0159evnost<\/span>\t\t\t\t<\/div>\n\t\t\t\t<\/div>\n\t\t<div class=\"elementor-element elementor-element-9f0286b e-con-full e-flex e-con e-child\" data-id=\"9f0286b\" data-element_type=\"container\">\n\t\t\t\t<div class=\"elementor-element elementor-element-5fd314e elementor-widget elementor-widget-heading\" data-id=\"5fd314e\" data-element_type=\"widget\" data-widget_type=\"heading.default\">\n\t\t\t\t\t<div class=\"elementor-heading-title elementor-size-default\">Minim\u00e1ln\u00ed<\/div>\t\t\t\t<\/div>\n\t\t\t\t<div class=\"elementor-element elementor-element-c641c00 elementor-widget elementor-widget-heading\" data-id=\"c641c00\" data-element_type=\"widget\" data-widget_type=\"heading.default\">\n\t\t\t\t\t<span class=\"elementor-heading-title elementor-size-default\">Popel<\/span>\t\t\t\t<\/div>\n\t\t\t\t<\/div>\n\t\t<div class=\"elementor-element elementor-element-f34ee6d e-con-full e-flex e-con e-child\" data-id=\"f34ee6d\" data-element_type=\"container\">\n\t\t\t\t<div class=\"elementor-element elementor-element-63ea74a elementor-widget elementor-widget-heading\" data-id=\"63ea74a\" data-element_type=\"widget\" data-widget_type=\"heading.default\">\n\t\t\t\t\t<div class=\"elementor-heading-title elementor-size-default\">960,-  K\u010d \/ q<\/div>\t\t\t\t<\/div>\n\t\t\t\t<div class=\"elementor-element elementor-element-9c592e1 elementor-widget elementor-widget-heading\" data-id=\"9c592e1\" data-element_type=\"widget\" data-widget_type=\"heading.default\">\n\t\t\t\t\t<span class=\"elementor-heading-title elementor-size-default\">Aktu\u00e1ln\u00ed cena<\/span>\t\t\t\t<\/div>\n\t\t\t\t<\/div>\n\t\t\t\t\t<\/div>\n\t\t\t\t<\/div>\n\t\t<div class=\"elementor-element elementor-element-8233cd9 e-con-full e-flex e-con e-parent\" data-id=\"8233cd9\" data-element_type=\"container\">\n\t\t<div class=\"elementor-element elementor-element-91ddb55 e-flex e-con-boxed e-con e-child\" data-id=\"91ddb55\" data-element_type=\"container\" data-settings=\"{&quot;background_background&quot;:&quot;classic&quot;}\">\n\t\t\t\t\t<div class=\"e-con-inner\">\n\t\t<div class=\"elementor-element elementor-element-a7e5423 e-con-full e-flex e-con e-child\" data-id=\"a7e5423\" data-element_type=\"container\">\n\t\t<div class=\"elementor-element elementor-element-17e6aa4 e-con-full e-flex e-con e-child\" data-id=\"17e6aa4\" data-element_type=\"container\">\n\t\t<div class=\"elementor-element elementor-element-5b15d5d e-con-full e-flex e-con e-child\" data-id=\"5b15d5d\" data-element_type=\"container\">\n\t\t\t\t<div class=\"elementor-element elementor-element-68db7e4 elementor-widget-tablet__width-inherit elementor-widget elementor-widget-text-editor\" data-id=\"68db7e4\" data-element_type=\"widget\" data-widget_type=\"text-editor.default\">\n\t\t\t\t\t\t\t\t\t<div class=\"shp-tabs-wrapper p-detail-tabs-wrapper\"><div class=\"row\"><div class=\"col-sm-12 \"><div id=\"tab-content\" class=\"tab-content\"><div id=\"description\" class=\"tab-pane fade in active\" role=\"tabpanel\"><div class=\"description-inner\"><div class=\"basic-description\"><p class=\"whitespace-normal break-words\">Topn\u00e9 pelety jsou vyrobeny ze 100% t\u0159\u00edd\u011bn\u00fdch smrkov\u00fdch pilin a neobsahuj\u00ed \u017e\u00e1dn\u00e1 chemick\u00e1 pojiva. Vyzna\u010duj\u00ed se vysokou v\u00fdh\u0159evnost\u00ed, n\u00edzk\u00fdm obsahem popele a minim\u00e1ln\u00edm odrolem d\u00edky pe\u010dliv\u00e9mu slisov\u00e1n\u00ed na modern\u00ed v\u00fdrobn\u00ed lince. Jsou baleny v perforovan\u00fdch PE obalech po 15 kg, kter\u00e9 chr\u00e1n\u00ed p\u0159ed atmosf\u00e9rickou vlhkost\u00ed a z\u00e1rove\u0148 umo\u017e\u0148uj\u00ed \u010distou, bezpra\u0161nou manipulaci p\u0159i skladov\u00e1n\u00ed i b\u011bhem topen\u00ed. P\u0159i spalov\u00e1n\u00ed t\u011bchto pelet nevznikaj\u00ed v topn\u00fdch za\u0159\u00edzen\u00edch \u017e\u00e1dn\u00e9 n\u00e1peky.<\/p><\/div><\/div><\/div><\/div><\/div><\/div><\/div>\t\t\t\t\t\t\t\t<\/div>\n\t\t\t\t<\/div>\n\t\t\t\t<\/div>\n\t\t\t\t<\/div>\n\t\t\t\t\t<\/div>\n\t\t\t\t<\/div>\n\t\t\t\t<\/div>\n\t\t\t\t<\/div>\n\t\t","protected":false},"excerpt":{"rendered":"<p>Pelety &#8211; PREMIUM ENplus A1 Vysoce kvalitn\u00ed topn\u00e9 d\u0159evn\u00ed pelety vyroben\u00e9 z \u010dist\u00fdch smrkov\u00fdch pilin. Pelety jsou certifikovan\u00e9, lisovan\u00e9 bez pou\u017eit\u00ed jak\u00fdchkoli chemick\u00fdch pojiv a zaru\u010duj\u00ed efektivn\u00ed, ekologick\u00e9 a \u010dist\u00e9 spalov\u00e1n\u00ed. Skv\u011bl\u00e1 volba pro modern\u00ed automatick\u00e9 kotle i kamna na pelety. 100% p\u0159\u00edrodn\u00ed smrkov\u00e9 d\u0159evo A1 Certifikace 17,6 MJ\/kg V\u00fdh\u0159evnost Minim\u00e1ln\u00ed Popel 960,- K\u010d \/&#8230;<\/p>\n","protected":false},"author":2,"featured_media":0,"parent":0,"menu_order":0,"comment_status":"closed","ping_status":"closed","template":"","meta":{"footnotes":""},"class_list":["post-987977","page","type-page","status-publish","hentry"],"yoast_head":"<!-- This site is optimized with the Yoast SEO plugin v25.6 - https:\/\/yoast.com\/wordpress\/plugins\/seo\/ -->\n<title>Pelety - PREMIUM ENplus A1 - Pelety \u0160umperk<\/title>\n<meta name=\"robots\" content=\"index, follow, max-snippet:-1, max-image-preview:large, max-video-preview:-1\" \/>\n<link rel=\"canonical\" href=\"https:\/\/peletysumperk.cz\/?page_id=987977\" \/>\n<meta property=\"og:locale\" content=\"cs_CZ\" \/>\n<meta property=\"og:type\" content=\"article\" \/>\n<meta property=\"og:title\" content=\"Pelety - PREMIUM ENplus A1 - Pelety \u0160umperk\" \/>\n<meta property=\"og:description\" content=\"Pelety &#8211; PREMIUM ENplus A1 Vysoce kvalitn\u00ed topn\u00e9 d\u0159evn\u00ed pelety vyroben\u00e9 z \u010dist\u00fdch smrkov\u00fdch pilin. Pelety jsou certifikovan\u00e9, lisovan\u00e9 bez pou\u017eit\u00ed jak\u00fdchkoli chemick\u00fdch pojiv a zaru\u010duj\u00ed efektivn\u00ed, ekologick\u00e9 a \u010dist\u00e9 spalov\u00e1n\u00ed. Skv\u011bl\u00e1 volba pro modern\u00ed automatick\u00e9 kotle i kamna na pelety. 100% p\u0159\u00edrodn\u00ed smrkov\u00e9 d\u0159evo A1 Certifikace 17,6 MJ\/kg V\u00fdh\u0159evnost Minim\u00e1ln\u00ed Popel 960,- K\u010d \/...\" \/>\n<meta property=\"og:url\" content=\"https:\/\/peletysumperk.cz\/?page_id=987977\" \/>\n<meta property=\"og:site_name\" content=\"Pelety \u0160umperk\" \/>\n<meta property=\"article:modified_time\" content=\"2025-12-06T13:45:35+00:00\" \/>\n<meta property=\"og:image\" content=\"https:\/\/peletysumperk.cz\/wp-content\/uploads\/2025\/12\/PELETY_A1ENPLUS.webp\" \/>\n\t<meta property=\"og:image:width\" content=\"1024\" \/>\n\t<meta property=\"og:image:height\" content=\"768\" \/>\n\t<meta property=\"og:image:type\" content=\"image\/webp\" \/>\n<meta name=\"twitter:card\" content=\"summary_large_image\" \/>\n<meta name=\"twitter:label1\" content=\"Odhadovan\u00e1 doba \u010dten\u00ed\" \/>\n\t<meta name=\"twitter:data1\" content=\"1 minuta\" \/>\n<script type=\"application\/ld+json\" class=\"yoast-schema-graph\">{\"@context\":\"https:\/\/schema.org\",\"@graph\":[{\"@type\":\"WebPage\",\"@id\":\"https:\/\/peletysumperk.cz\/?page_id=987977\",\"url\":\"https:\/\/peletysumperk.cz\/?page_id=987977\",\"name\":\"Pelety - PREMIUM ENplus A1 - Pelety \u0160umperk\",\"isPartOf\":{\"@id\":\"https:\/\/peletysumperk.cz\/#website\"},\"primaryImageOfPage\":{\"@id\":\"https:\/\/peletysumperk.cz\/?page_id=987977#primaryimage\"},\"image\":{\"@id\":\"https:\/\/peletysumperk.cz\/?page_id=987977#primaryimage\"},\"thumbnailUrl\":\"https:\/\/peletysumperk.cz\/wp-content\/uploads\/2025\/12\/PELETY_A1ENPLUS.webp\",\"datePublished\":\"2025-10-11T09:18:43+00:00\",\"dateModified\":\"2025-12-06T13:45:35+00:00\",\"breadcrumb\":{\"@id\":\"https:\/\/peletysumperk.cz\/?page_id=987977#breadcrumb\"},\"inLanguage\":\"cs\",\"potentialAction\":[{\"@type\":\"ReadAction\",\"target\":[\"https:\/\/peletysumperk.cz\/?page_id=987977\"]}]},{\"@type\":\"ImageObject\",\"inLanguage\":\"cs\",\"@id\":\"https:\/\/peletysumperk.cz\/?page_id=987977#primaryimage\",\"url\":\"https:\/\/peletysumperk.cz\/wp-content\/uploads\/2025\/12\/PELETY_A1ENPLUS.webp\",\"contentUrl\":\"https:\/\/peletysumperk.cz\/wp-content\/uploads\/2025\/12\/PELETY_A1ENPLUS.webp\",\"width\":1024,\"height\":768},{\"@type\":\"BreadcrumbList\",\"@id\":\"https:\/\/peletysumperk.cz\/?page_id=987977#breadcrumb\",\"itemListElement\":[{\"@type\":\"ListItem\",\"position\":1,\"name\":\"Home\",\"item\":\"https:\/\/peletysumperk.cz\/\"},{\"@type\":\"ListItem\",\"position\":2,\"name\":\"Pelety &#8211; PREMIUM ENplus A1\"}]},{\"@type\":\"WebSite\",\"@id\":\"https:\/\/peletysumperk.cz\/#website\",\"url\":\"https:\/\/peletysumperk.cz\/\",\"name\":\"Pelety \u0160umperk\",\"description\":\"Prodej voln\u00fdch i pytlovan\u00fdch d\u0159ev\u011bn\u00fdch pelet. Prodej paliv Hor\u00e1k\",\"publisher\":{\"@id\":\"https:\/\/peletysumperk.cz\/#organization\"},\"potentialAction\":[{\"@type\":\"SearchAction\",\"target\":{\"@type\":\"EntryPoint\",\"urlTemplate\":\"https:\/\/peletysumperk.cz\/?s={search_term_string}\"},\"query-input\":{\"@type\":\"PropertyValueSpecification\",\"valueRequired\":true,\"valueName\":\"search_term_string\"}}],\"inLanguage\":\"cs\"},{\"@type\":\"Organization\",\"@id\":\"https:\/\/peletysumperk.cz\/#organization\",\"name\":\"Pelety \u0160umperk\",\"url\":\"https:\/\/peletysumperk.cz\/\",\"logo\":{\"@type\":\"ImageObject\",\"inLanguage\":\"cs\",\"@id\":\"https:\/\/peletysumperk.cz\/#\/schema\/logo\/image\/\",\"url\":\"https:\/\/peletysumperk.cz\/wp-content\/uploads\/2025\/02\/peletysumperk_logo_1.png\",\"contentUrl\":\"https:\/\/peletysumperk.cz\/wp-content\/uploads\/2025\/02\/peletysumperk_logo_1.png\",\"width\":1080,\"height\":301,\"caption\":\"Pelety \u0160umperk\"},\"image\":{\"@id\":\"https:\/\/peletysumperk.cz\/#\/schema\/logo\/image\/\"}}]}<\/script>\n<!-- \/ Yoast SEO plugin. -->","yoast_head_json":{"title":"Pelety - PREMIUM ENplus A1 - Pelety \u0160umperk","robots":{"index":"index","follow":"follow","max-snippet":"max-snippet:-1","max-image-preview":"max-image-preview:large","max-video-preview":"max-video-preview:-1"},"canonical":"https:\/\/peletysumperk.cz\/?page_id=987977","og_locale":"cs_CZ","og_type":"article","og_title":"Pelety - PREMIUM ENplus A1 - Pelety \u0160umperk","og_description":"Pelety &#8211; PREMIUM ENplus A1 Vysoce kvalitn\u00ed topn\u00e9 d\u0159evn\u00ed pelety vyroben\u00e9 z \u010dist\u00fdch smrkov\u00fdch pilin. Pelety jsou certifikovan\u00e9, lisovan\u00e9 bez pou\u017eit\u00ed jak\u00fdchkoli chemick\u00fdch pojiv a zaru\u010duj\u00ed efektivn\u00ed, ekologick\u00e9 a \u010dist\u00e9 spalov\u00e1n\u00ed. Skv\u011bl\u00e1 volba pro modern\u00ed automatick\u00e9 kotle i kamna na pelety. 100% p\u0159\u00edrodn\u00ed smrkov\u00e9 d\u0159evo A1 Certifikace 17,6 MJ\/kg V\u00fdh\u0159evnost Minim\u00e1ln\u00ed Popel 960,- K\u010d \/...","og_url":"https:\/\/peletysumperk.cz\/?page_id=987977","og_site_name":"Pelety \u0160umperk","article_modified_time":"2025-12-06T13:45:35+00:00","og_image":[{"width":1024,"height":768,"url":"https:\/\/peletysumperk.cz\/wp-content\/uploads\/2025\/12\/PELETY_A1ENPLUS.webp","type":"image\/webp"}],"twitter_card":"summary_large_image","twitter_misc":{"Odhadovan\u00e1 doba \u010dten\u00ed":"1 minuta"},"schema":{"@context":"https:\/\/schema.org","@graph":[{"@type":"WebPage","@id":"https:\/\/peletysumperk.cz\/?page_id=987977","url":"https:\/\/peletysumperk.cz\/?page_id=987977","name":"Pelety - PREMIUM ENplus A1 - Pelety \u0160umperk","isPartOf":{"@id":"https:\/\/peletysumperk.cz\/#website"},"primaryImageOfPage":{"@id":"https:\/\/peletysumperk.cz\/?page_id=987977#primaryimage"},"image":{"@id":"https:\/\/peletysumperk.cz\/?page_id=987977#primaryimage"},"thumbnailUrl":"https:\/\/peletysumperk.cz\/wp-content\/uploads\/2025\/12\/PELETY_A1ENPLUS.webp","datePublished":"2025-10-11T09:18:43+00:00","dateModified":"2025-12-06T13:45:35+00:00","breadcrumb":{"@id":"https:\/\/peletysumperk.cz\/?page_id=987977#breadcrumb"},"inLanguage":"cs","potentialAction":[{"@type":"ReadAction","target":["https:\/\/peletysumperk.cz\/?page_id=987977"]}]},{"@type":"ImageObject","inLanguage":"cs","@id":"https:\/\/peletysumperk.cz\/?page_id=987977#primaryimage","url":"https:\/\/peletysumperk.cz\/wp-content\/uploads\/2025\/12\/PELETY_A1ENPLUS.webp","contentUrl":"https:\/\/peletysumperk.cz\/wp-content\/uploads\/2025\/12\/PELETY_A1ENPLUS.webp","width":1024,"height":768},{"@type":"BreadcrumbList","@id":"https:\/\/peletysumperk.cz\/?page_id=987977#breadcrumb","itemListElement":[{"@type":"ListItem","position":1,"name":"Home","item":"https:\/\/peletysumperk.cz\/"},{"@type":"ListItem","position":2,"name":"Pelety &#8211; PREMIUM ENplus A1"}]},{"@type":"WebSite","@id":"https:\/\/peletysumperk.cz\/#website","url":"https:\/\/peletysumperk.cz\/","name":"Pelety \u0160umperk","description":"Prodej voln\u00fdch i pytlovan\u00fdch d\u0159ev\u011bn\u00fdch pelet. Prodej paliv Hor\u00e1k","publisher":{"@id":"https:\/\/peletysumperk.cz\/#organization"},"potentialAction":[{"@type":"SearchAction","target":{"@type":"EntryPoint","urlTemplate":"https:\/\/peletysumperk.cz\/?s={search_term_string}"},"query-input":{"@type":"PropertyValueSpecification","valueRequired":true,"valueName":"search_term_string"}}],"inLanguage":"cs"},{"@type":"Organization","@id":"https:\/\/peletysumperk.cz\/#organization","name":"Pelety \u0160umperk","url":"https:\/\/peletysumperk.cz\/","logo":{"@type":"ImageObject","inLanguage":"cs","@id":"https:\/\/peletysumperk.cz\/#\/schema\/logo\/image\/","url":"https:\/\/peletysumperk.cz\/wp-content\/uploads\/2025\/02\/peletysumperk_logo_1.png","contentUrl":"https:\/\/peletysumperk.cz\/wp-content\/uploads\/2025\/02\/peletysumperk_logo_1.png","width":1080,"height":301,"caption":"Pelety \u0160umperk"},"image":{"@id":"https:\/\/peletysumperk.cz\/#\/schema\/logo\/image\/"}}]}},"_links":{"self":[{"href":"https:\/\/peletysumperk.cz\/index.php?rest_route=\/wp\/v2\/pages\/987977","targetHints":{"allow":["GET"]}}],"collection":[{"href":"https:\/\/peletysumperk.cz\/index.php?rest_route=\/wp\/v2\/pages"}],"about":[{"href":"https:\/\/peletysumperk.cz\/index.php?rest_route=\/wp\/v2\/types\/page"}],"author":[{"embeddable":true,"href":"https:\/\/peletysumperk.cz\/index.php?rest_route=\/wp\/v2\/users\/2"}],"replies":[{"embeddable":true,"href":"https:\/\/peletysumperk.cz\/index.php?rest_route=%2Fwp%2Fv2%2Fcomments&post=987977"}],"version-history":[{"count":11,"href":"https:\/\/peletysumperk.cz\/index.php?rest_route=\/wp\/v2\/pages\/987977\/revisions"}],"predecessor-version":[{"id":988199,"href":"https:\/\/peletysumperk.cz\/index.php?rest_route=\/wp\/v2\/pages\/987977\/revisions\/988199"}],"wp:attachment":[{"href":"https:\/\/peletysumperk.cz\/index.php?rest_route=%2Fwp%2Fv2%2Fmedia&parent=987977"}],"curies":[{"name":"wp","href":"https:\/\/api.w.org\/{rel}","templated":true}]}}