{"id":987880,"date":"2025-08-20T10:52:17","date_gmt":"2025-08-20T08:52:17","guid":{"rendered":"https:\/\/peletysumperk.cz\/?page_id=987880"},"modified":"2025-12-06T14:20:44","modified_gmt":"2025-12-06T13:20:44","slug":"drevene-pelety-german","status":"publish","type":"page","link":"https:\/\/peletysumperk.cz\/?page_id=987880","title":{"rendered":"Briekty &#8211; RUF"},"content":{"rendered":"\t\t<div data-elementor-type=\"wp-page\" data-elementor-id=\"987880\" class=\"elementor elementor-987880\" data-elementor-post-type=\"page\">\n\t\t\t\t<div class=\"elementor-element elementor-element-153f8560 e-con-full e-flex e-con e-parent\" data-id=\"153f8560\" data-element_type=\"container\">\n\t\t\t\t<\/div>\n\t\t<div class=\"elementor-element elementor-element-64a9e2aa e-con-full e-flex e-con e-parent\" data-id=\"64a9e2aa\" data-element_type=\"container\">\n\t\t\t\t<div class=\"elementor-element elementor-element-4c746ed elementor-widget elementor-widget-heading\" data-id=\"4c746ed\" data-element_type=\"widget\" data-widget_type=\"heading.default\">\n\t\t\t\t\t<h2 class=\"elementor-heading-title elementor-size-default\">Briekty - RUF<\/h2>\t\t\t\t<\/div>\n\t\t\t\t<div class=\"elementor-element elementor-element-e962c57 elementor-widget elementor-widget-image\" data-id=\"e962c57\" data-element_type=\"widget\" data-widget_type=\"image.default\">\n\t\t\t\t\t\t\t\t\t\t\t\t\t\t\t<img fetchpriority=\"high\" decoding=\"async\" width=\"1024\" height=\"768\" src=\"https:\/\/peletysumperk.cz\/wp-content\/uploads\/2025\/12\/briketa_ruf.webp\" class=\"attachment-large size-large wp-image-988150\" alt=\"\" srcset=\"https:\/\/peletysumperk.cz\/wp-content\/uploads\/2025\/12\/briketa_ruf.webp 1024w, https:\/\/peletysumperk.cz\/wp-content\/uploads\/2025\/12\/briketa_ruf-300x225.webp 300w, https:\/\/peletysumperk.cz\/wp-content\/uploads\/2025\/12\/briketa_ruf-768x576.webp 768w\" sizes=\"(max-width: 1024px) 100vw, 1024px\" \/>\t\t\t\t\t\t\t\t\t\t\t\t\t\t\t<\/div>\n\t\t\t\t<div class=\"elementor-element elementor-element-4901d84 elementor-widget__width-initial elementor-widget elementor-widget-text-editor\" data-id=\"4901d84\" data-element_type=\"widget\" data-widget_type=\"text-editor.default\">\n\t\t\t\t\t\t\t\t\t<p>Kvalitn\u00ed d\u0159ev\u011bn\u00e9 brikety RUF ze 100% \u010dist\u00e9ho smrkov\u00e9ho d\u0159eva bez chemick\u00fdch pojiv. Charakteristick\u00e9 hranat\u00fdm tvarem, vysokou v\u00fdh\u0159evnost\u00ed a minim\u00e1ln\u00ed popelnatost\u00ed. Ide\u00e1ln\u00ed pro rychl\u00e9 zatopen\u00ed a efektivn\u00ed vyt\u00e1p\u011bn\u00ed va\u0161eho domova.<\/p>\t\t\t\t\t\t\t\t<\/div>\n\t\t\t\t<\/div>\n\t\t<div class=\"elementor-element elementor-element-42cad7bc e-flex e-con-boxed e-con e-parent\" data-id=\"42cad7bc\" data-element_type=\"container\">\n\t\t\t\t\t<div class=\"e-con-inner\">\n\t\t\t\t<div class=\"elementor-element elementor-element-5b0576e4 elementor-widget-divider--view-line elementor-widget elementor-widget-divider\" data-id=\"5b0576e4\" data-element_type=\"widget\" data-widget_type=\"divider.default\">\n\t\t\t\t\t\t\t<div class=\"elementor-divider\">\n\t\t\t<span class=\"elementor-divider-separator\">\n\t\t\t\t\t\t<\/span>\n\t\t<\/div>\n\t\t\t\t\t\t<\/div>\n\t\t\t\t\t<\/div>\n\t\t\t\t<\/div>\n\t\t<div class=\"elementor-element elementor-element-2e47dcba elementor-invisible animated-fast e-flex e-con-boxed e-con e-child\" data-id=\"2e47dcba\" data-element_type=\"container\" data-settings=\"{&quot;animation&quot;:&quot;fadeIn&quot;,&quot;animation_delay&quot;:50}\">\n\t\t\t\t\t<div class=\"e-con-inner\">\n\t\t<div class=\"elementor-element elementor-element-28fd23f3 e-con-full e-flex e-con e-child\" data-id=\"28fd23f3\" data-element_type=\"container\">\n\t\t\t\t<div class=\"elementor-element elementor-element-10afa5f2 elementor-widget elementor-widget-heading\" data-id=\"10afa5f2\" data-element_type=\"widget\" data-widget_type=\"heading.default\">\n\t\t\t\t\t<div class=\"elementor-heading-title elementor-size-default\">100<span class=\"color-accent-4\">%<\/span><\/div>\t\t\t\t<\/div>\n\t\t\t\t<div class=\"elementor-element elementor-element-2b503327 elementor-widget elementor-widget-heading\" data-id=\"2b503327\" data-element_type=\"widget\" data-widget_type=\"heading.default\">\n\t\t\t\t\t<span class=\"elementor-heading-title elementor-size-default\">p\u0159\u00edrodn\u00ed smrkov\u00e9 d\u0159evo<\/span>\t\t\t\t<\/div>\n\t\t\t\t<\/div>\n\t\t<div class=\"elementor-element elementor-element-424a50f e-con-full e-flex e-con e-child\" data-id=\"424a50f\" data-element_type=\"container\">\n\t\t\t\t<div class=\"elementor-element elementor-element-62d79029 elementor-widget elementor-widget-heading\" data-id=\"62d79029\" data-element_type=\"widget\" data-widget_type=\"heading.default\">\n\t\t\t\t\t<div class=\"elementor-heading-title elementor-size-default\"><span class=\"color-accent-4\"> A1  <\/span><\/div>\t\t\t\t<\/div>\n\t\t\t\t<div class=\"elementor-element elementor-element-8c9a4f6 elementor-widget elementor-widget-heading\" data-id=\"8c9a4f6\" data-element_type=\"widget\" data-widget_type=\"heading.default\">\n\t\t\t\t\t<span class=\"elementor-heading-title elementor-size-default\">Certifikace<\/span>\t\t\t\t<\/div>\n\t\t\t\t<\/div>\n\t\t<div class=\"elementor-element elementor-element-64d45142 e-con-full e-flex e-con e-child\" data-id=\"64d45142\" data-element_type=\"container\">\n\t\t\t\t<div class=\"elementor-element elementor-element-38b8de9b elementor-widget elementor-widget-heading\" data-id=\"38b8de9b\" data-element_type=\"widget\" data-widget_type=\"heading.default\">\n\t\t\t\t\t<div class=\"elementor-heading-title elementor-size-default\">18,5 <span class=\"color-accent-4\">MJ\/kg  <\/span><\/div>\t\t\t\t<\/div>\n\t\t\t\t<div class=\"elementor-element elementor-element-254aad70 elementor-widget elementor-widget-heading\" data-id=\"254aad70\" data-element_type=\"widget\" data-widget_type=\"heading.default\">\n\t\t\t\t\t<span class=\"elementor-heading-title elementor-size-default\">V\u00fdh\u0159evnost<\/span>\t\t\t\t<\/div>\n\t\t\t\t<\/div>\n\t\t<div class=\"elementor-element elementor-element-2bbc0217 e-con-full e-flex e-con e-child\" data-id=\"2bbc0217\" data-element_type=\"container\">\n\t\t\t\t<div class=\"elementor-element elementor-element-513db445 elementor-widget elementor-widget-heading\" data-id=\"513db445\" data-element_type=\"widget\" data-widget_type=\"heading.default\">\n\t\t\t\t\t<div class=\"elementor-heading-title elementor-size-default\">Minim\u00e1ln\u00ed<\/div>\t\t\t\t<\/div>\n\t\t\t\t<div class=\"elementor-element elementor-element-75bbb2c elementor-widget elementor-widget-heading\" data-id=\"75bbb2c\" data-element_type=\"widget\" data-widget_type=\"heading.default\">\n\t\t\t\t\t<span class=\"elementor-heading-title elementor-size-default\">Popel<\/span>\t\t\t\t<\/div>\n\t\t\t\t<\/div>\n\t\t<div class=\"elementor-element elementor-element-341a629 e-con-full e-flex e-con e-child\" data-id=\"341a629\" data-element_type=\"container\">\n\t\t\t\t<div class=\"elementor-element elementor-element-be709c7 elementor-widget elementor-widget-heading\" data-id=\"be709c7\" data-element_type=\"widget\" data-widget_type=\"heading.default\">\n\t\t\t\t\t<div class=\"elementor-heading-title elementor-size-default\">740,-  K\u010d \/ q<\/div>\t\t\t\t<\/div>\n\t\t\t\t<div class=\"elementor-element elementor-element-a8ede84 elementor-widget elementor-widget-heading\" data-id=\"a8ede84\" data-element_type=\"widget\" data-widget_type=\"heading.default\">\n\t\t\t\t\t<span class=\"elementor-heading-title elementor-size-default\">Aktu\u00e1ln\u00ed cena<\/span>\t\t\t\t<\/div>\n\t\t\t\t<\/div>\n\t\t\t\t\t<\/div>\n\t\t\t\t<\/div>\n\t\t<div class=\"elementor-element elementor-element-7f68a82d e-con-full e-flex e-con e-parent\" data-id=\"7f68a82d\" data-element_type=\"container\">\n\t\t<div class=\"elementor-element elementor-element-65474925 e-flex e-con-boxed e-con e-child\" data-id=\"65474925\" data-element_type=\"container\" data-settings=\"{&quot;background_background&quot;:&quot;classic&quot;}\">\n\t\t\t\t\t<div class=\"e-con-inner\">\n\t\t<div class=\"elementor-element elementor-element-52225444 e-con-full e-flex e-con e-child\" data-id=\"52225444\" data-element_type=\"container\">\n\t\t<div class=\"elementor-element elementor-element-f6d60c6 e-con-full e-flex e-con e-child\" data-id=\"f6d60c6\" data-element_type=\"container\">\n\t\t<div class=\"elementor-element elementor-element-33326eb9 e-con-full e-flex e-con e-child\" data-id=\"33326eb9\" data-element_type=\"container\">\n\t\t\t\t<div class=\"elementor-element elementor-element-e601484 elementor-widget-tablet__width-inherit elementor-widget elementor-widget-text-editor\" data-id=\"e601484\" data-element_type=\"widget\" data-widget_type=\"text-editor.default\">\n\t\t\t\t\t\t\t\t\t<p class=\"whitespace-pre-wrap break-words\"><strong>Pro\u010d zvolit brikety RUF?<\/strong><\/p><ul class=\"[&amp;:not(:last-child)_ul]:pb-1 [&amp;:not(:last-child)_ol]:pb-1 list-disc space-y-1.5 pl-7\"><li class=\"whitespace-normal break-words\"><strong>Charakteristick\u00fd hranat\u00fd tvar<\/strong>\u00a0\u2013 zaji\u0161\u0165uje snadn\u00e9 skladov\u00e1n\u00ed a manipulaci<\/li><li class=\"whitespace-normal break-words\"><strong>P\u0159\u00edrodn\u00ed sv\u011btl\u00e1 barva<\/strong>\u00a0\u2013 typick\u00e1 pro kvalitn\u00ed m\u011bkk\u00e9 d\u0159evo<\/li><li class=\"whitespace-normal break-words\"><strong>Vysok\u00e1 v\u00fdh\u0159evnost<\/strong>\u00a0\u2013 efektivn\u011b zah\u0159eje v\u00e1\u0161 domov s ni\u017e\u0161\u00ed spot\u0159ebou paliva<\/li><li class=\"whitespace-normal break-words\"><strong>Minim\u00e1ln\u00ed popelnatost<\/strong>\u00a0\u2013 m\u00e9n\u011b \u010di\u0161t\u011bn\u00ed, v\u00edce pohodl\u00ed<\/li><li class=\"whitespace-normal break-words\"><strong>St\u0159edn\u00ed doba ho\u0159en\u00ed a \u017ehnut\u00ed<\/strong>\u00a0\u2013 optim\u00e1ln\u00ed pro b\u011b\u017en\u00e9 vyt\u00e1p\u011bn\u00ed<\/li><li class=\"whitespace-normal break-words\"><strong>Rychl\u00e9 roztopen\u00ed<\/strong>\u00a0\u2013 teplo, kdy\u017e ho pot\u0159ebujete<\/li><\/ul><p class=\"whitespace-pre-wrap break-words\">Brikety RUF jsou ide\u00e1ln\u00ed volbou pro v\u0161echny typy krb\u016f, kamen a kotl\u016f na tuh\u00e1 paliva. D\u00edky sv\u00e9 konzistentn\u00ed kvalit\u011b a vysok\u00e9 hustot\u011b poskytuj\u00ed stabiln\u00ed a p\u0159edv\u00eddateln\u00fd tepeln\u00fd v\u00fdkon. Z\u00e1rove\u0148 minimalizuj\u00ed mno\u017estv\u00ed popela, co\u017e v\u00fdrazn\u011b usnad\u0148uje \u00fadr\u017ebu va\u0161eho topn\u00e9ho syst\u00e9mu.<\/p><p class=\"whitespace-pre-wrap break-words\">Investujte do komfortn\u00edho a efektivn\u00edho vyt\u00e1p\u011bn\u00ed s na\u0161imi smrkov\u00fdmi briketami RUF a dop\u0159ejte sv\u00e9mu domovu p\u0159\u00edjemn\u00e9 teplo z p\u0159\u00edrodn\u00edho zdroje.<\/p>\t\t\t\t\t\t\t\t<\/div>\n\t\t\t\t<\/div>\n\t\t\t\t<\/div>\n\t\t\t\t<\/div>\n\t\t\t\t\t<\/div>\n\t\t\t\t<\/div>\n\t\t\t\t<\/div>\n\t\t\t\t<\/div>\n\t\t","protected":false},"excerpt":{"rendered":"<p>Briekty &#8211; RUF Kvalitn\u00ed d\u0159ev\u011bn\u00e9 brikety RUF ze 100% \u010dist\u00e9ho smrkov\u00e9ho d\u0159eva bez chemick\u00fdch pojiv. Charakteristick\u00e9 hranat\u00fdm tvarem, vysokou v\u00fdh\u0159evnost\u00ed a minim\u00e1ln\u00ed popelnatost\u00ed. Ide\u00e1ln\u00ed pro rychl\u00e9 zatopen\u00ed a efektivn\u00ed vyt\u00e1p\u011bn\u00ed va\u0161eho domova. 100% p\u0159\u00edrodn\u00ed smrkov\u00e9 d\u0159evo A1 Certifikace 18,5 MJ\/kg V\u00fdh\u0159evnost Minim\u00e1ln\u00ed Popel 740,- K\u010d \/ q Aktu\u00e1ln\u00ed cena Pro\u010d zvolit brikety RUF? Charakteristick\u00fd hranat\u00fd&#8230;<\/p>\n","protected":false},"author":2,"featured_media":0,"parent":0,"menu_order":0,"comment_status":"closed","ping_status":"closed","template":"","meta":{"footnotes":""},"class_list":["post-987880","page","type-page","status-publish","hentry"],"yoast_head":"<!-- This site is optimized with the Yoast SEO plugin v25.6 - https:\/\/yoast.com\/wordpress\/plugins\/seo\/ -->\n<title>Briekty - RUF - Pelety \u0160umperk<\/title>\n<meta name=\"robots\" content=\"index, follow, max-snippet:-1, max-image-preview:large, max-video-preview:-1\" \/>\n<link rel=\"canonical\" href=\"https:\/\/peletysumperk.cz\/?page_id=987880\" \/>\n<meta property=\"og:locale\" content=\"cs_CZ\" \/>\n<meta property=\"og:type\" content=\"article\" \/>\n<meta property=\"og:title\" content=\"Briekty - RUF - Pelety \u0160umperk\" \/>\n<meta property=\"og:description\" content=\"Briekty &#8211; RUF Kvalitn\u00ed d\u0159ev\u011bn\u00e9 brikety RUF ze 100% \u010dist\u00e9ho smrkov\u00e9ho d\u0159eva bez chemick\u00fdch pojiv. Charakteristick\u00e9 hranat\u00fdm tvarem, vysokou v\u00fdh\u0159evnost\u00ed a minim\u00e1ln\u00ed popelnatost\u00ed. Ide\u00e1ln\u00ed pro rychl\u00e9 zatopen\u00ed a efektivn\u00ed vyt\u00e1p\u011bn\u00ed va\u0161eho domova. 100% p\u0159\u00edrodn\u00ed smrkov\u00e9 d\u0159evo A1 Certifikace 18,5 MJ\/kg V\u00fdh\u0159evnost Minim\u00e1ln\u00ed Popel 740,- K\u010d \/ q Aktu\u00e1ln\u00ed cena Pro\u010d zvolit brikety RUF? Charakteristick\u00fd hranat\u00fd...\" \/>\n<meta property=\"og:url\" content=\"https:\/\/peletysumperk.cz\/?page_id=987880\" \/>\n<meta property=\"og:site_name\" content=\"Pelety \u0160umperk\" \/>\n<meta property=\"article:modified_time\" content=\"2025-12-06T13:20:44+00:00\" \/>\n<meta property=\"og:image\" content=\"https:\/\/peletysumperk.cz\/wp-content\/uploads\/2025\/12\/briketa_ruf.webp\" \/>\n\t<meta property=\"og:image:width\" content=\"1024\" \/>\n\t<meta property=\"og:image:height\" content=\"768\" \/>\n\t<meta property=\"og:image:type\" content=\"image\/webp\" \/>\n<meta name=\"twitter:card\" content=\"summary_large_image\" \/>\n<meta name=\"twitter:label1\" content=\"Odhadovan\u00e1 doba \u010dten\u00ed\" \/>\n\t<meta name=\"twitter:data1\" content=\"1 minuta\" \/>\n<script type=\"application\/ld+json\" class=\"yoast-schema-graph\">{\"@context\":\"https:\/\/schema.org\",\"@graph\":[{\"@type\":\"WebPage\",\"@id\":\"https:\/\/peletysumperk.cz\/?page_id=987880\",\"url\":\"https:\/\/peletysumperk.cz\/?page_id=987880\",\"name\":\"Briekty - RUF - Pelety \u0160umperk\",\"isPartOf\":{\"@id\":\"https:\/\/peletysumperk.cz\/#website\"},\"primaryImageOfPage\":{\"@id\":\"https:\/\/peletysumperk.cz\/?page_id=987880#primaryimage\"},\"image\":{\"@id\":\"https:\/\/peletysumperk.cz\/?page_id=987880#primaryimage\"},\"thumbnailUrl\":\"https:\/\/peletysumperk.cz\/wp-content\/uploads\/2025\/12\/briketa_ruf.webp\",\"datePublished\":\"2025-08-20T08:52:17+00:00\",\"dateModified\":\"2025-12-06T13:20:44+00:00\",\"breadcrumb\":{\"@id\":\"https:\/\/peletysumperk.cz\/?page_id=987880#breadcrumb\"},\"inLanguage\":\"cs\",\"potentialAction\":[{\"@type\":\"ReadAction\",\"target\":[\"https:\/\/peletysumperk.cz\/?page_id=987880\"]}]},{\"@type\":\"ImageObject\",\"inLanguage\":\"cs\",\"@id\":\"https:\/\/peletysumperk.cz\/?page_id=987880#primaryimage\",\"url\":\"https:\/\/peletysumperk.cz\/wp-content\/uploads\/2025\/12\/briketa_ruf.webp\",\"contentUrl\":\"https:\/\/peletysumperk.cz\/wp-content\/uploads\/2025\/12\/briketa_ruf.webp\",\"width\":1024,\"height\":768},{\"@type\":\"BreadcrumbList\",\"@id\":\"https:\/\/peletysumperk.cz\/?page_id=987880#breadcrumb\",\"itemListElement\":[{\"@type\":\"ListItem\",\"position\":1,\"name\":\"Home\",\"item\":\"https:\/\/peletysumperk.cz\/\"},{\"@type\":\"ListItem\",\"position\":2,\"name\":\"Briekty &#8211; RUF\"}]},{\"@type\":\"WebSite\",\"@id\":\"https:\/\/peletysumperk.cz\/#website\",\"url\":\"https:\/\/peletysumperk.cz\/\",\"name\":\"Pelety \u0160umperk\",\"description\":\"Prodej voln\u00fdch i pytlovan\u00fdch d\u0159ev\u011bn\u00fdch pelet. Prodej paliv Hor\u00e1k\",\"publisher\":{\"@id\":\"https:\/\/peletysumperk.cz\/#organization\"},\"potentialAction\":[{\"@type\":\"SearchAction\",\"target\":{\"@type\":\"EntryPoint\",\"urlTemplate\":\"https:\/\/peletysumperk.cz\/?s={search_term_string}\"},\"query-input\":{\"@type\":\"PropertyValueSpecification\",\"valueRequired\":true,\"valueName\":\"search_term_string\"}}],\"inLanguage\":\"cs\"},{\"@type\":\"Organization\",\"@id\":\"https:\/\/peletysumperk.cz\/#organization\",\"name\":\"Pelety \u0160umperk\",\"url\":\"https:\/\/peletysumperk.cz\/\",\"logo\":{\"@type\":\"ImageObject\",\"inLanguage\":\"cs\",\"@id\":\"https:\/\/peletysumperk.cz\/#\/schema\/logo\/image\/\",\"url\":\"https:\/\/peletysumperk.cz\/wp-content\/uploads\/2025\/02\/peletysumperk_logo_1.png\",\"contentUrl\":\"https:\/\/peletysumperk.cz\/wp-content\/uploads\/2025\/02\/peletysumperk_logo_1.png\",\"width\":1080,\"height\":301,\"caption\":\"Pelety \u0160umperk\"},\"image\":{\"@id\":\"https:\/\/peletysumperk.cz\/#\/schema\/logo\/image\/\"}}]}<\/script>\n<!-- \/ Yoast SEO plugin. -->","yoast_head_json":{"title":"Briekty - RUF - Pelety \u0160umperk","robots":{"index":"index","follow":"follow","max-snippet":"max-snippet:-1","max-image-preview":"max-image-preview:large","max-video-preview":"max-video-preview:-1"},"canonical":"https:\/\/peletysumperk.cz\/?page_id=987880","og_locale":"cs_CZ","og_type":"article","og_title":"Briekty - RUF - Pelety \u0160umperk","og_description":"Briekty &#8211; RUF Kvalitn\u00ed d\u0159ev\u011bn\u00e9 brikety RUF ze 100% \u010dist\u00e9ho smrkov\u00e9ho d\u0159eva bez chemick\u00fdch pojiv. Charakteristick\u00e9 hranat\u00fdm tvarem, vysokou v\u00fdh\u0159evnost\u00ed a minim\u00e1ln\u00ed popelnatost\u00ed. Ide\u00e1ln\u00ed pro rychl\u00e9 zatopen\u00ed a efektivn\u00ed vyt\u00e1p\u011bn\u00ed va\u0161eho domova. 100% p\u0159\u00edrodn\u00ed smrkov\u00e9 d\u0159evo A1 Certifikace 18,5 MJ\/kg V\u00fdh\u0159evnost Minim\u00e1ln\u00ed Popel 740,- K\u010d \/ q Aktu\u00e1ln\u00ed cena Pro\u010d zvolit brikety RUF? Charakteristick\u00fd hranat\u00fd...","og_url":"https:\/\/peletysumperk.cz\/?page_id=987880","og_site_name":"Pelety \u0160umperk","article_modified_time":"2025-12-06T13:20:44+00:00","og_image":[{"width":1024,"height":768,"url":"https:\/\/peletysumperk.cz\/wp-content\/uploads\/2025\/12\/briketa_ruf.webp","type":"image\/webp"}],"twitter_card":"summary_large_image","twitter_misc":{"Odhadovan\u00e1 doba \u010dten\u00ed":"1 minuta"},"schema":{"@context":"https:\/\/schema.org","@graph":[{"@type":"WebPage","@id":"https:\/\/peletysumperk.cz\/?page_id=987880","url":"https:\/\/peletysumperk.cz\/?page_id=987880","name":"Briekty - RUF - Pelety \u0160umperk","isPartOf":{"@id":"https:\/\/peletysumperk.cz\/#website"},"primaryImageOfPage":{"@id":"https:\/\/peletysumperk.cz\/?page_id=987880#primaryimage"},"image":{"@id":"https:\/\/peletysumperk.cz\/?page_id=987880#primaryimage"},"thumbnailUrl":"https:\/\/peletysumperk.cz\/wp-content\/uploads\/2025\/12\/briketa_ruf.webp","datePublished":"2025-08-20T08:52:17+00:00","dateModified":"2025-12-06T13:20:44+00:00","breadcrumb":{"@id":"https:\/\/peletysumperk.cz\/?page_id=987880#breadcrumb"},"inLanguage":"cs","potentialAction":[{"@type":"ReadAction","target":["https:\/\/peletysumperk.cz\/?page_id=987880"]}]},{"@type":"ImageObject","inLanguage":"cs","@id":"https:\/\/peletysumperk.cz\/?page_id=987880#primaryimage","url":"https:\/\/peletysumperk.cz\/wp-content\/uploads\/2025\/12\/briketa_ruf.webp","contentUrl":"https:\/\/peletysumperk.cz\/wp-content\/uploads\/2025\/12\/briketa_ruf.webp","width":1024,"height":768},{"@type":"BreadcrumbList","@id":"https:\/\/peletysumperk.cz\/?page_id=987880#breadcrumb","itemListElement":[{"@type":"ListItem","position":1,"name":"Home","item":"https:\/\/peletysumperk.cz\/"},{"@type":"ListItem","position":2,"name":"Briekty &#8211; RUF"}]},{"@type":"WebSite","@id":"https:\/\/peletysumperk.cz\/#website","url":"https:\/\/peletysumperk.cz\/","name":"Pelety \u0160umperk","description":"Prodej voln\u00fdch i pytlovan\u00fdch d\u0159ev\u011bn\u00fdch pelet. Prodej paliv Hor\u00e1k","publisher":{"@id":"https:\/\/peletysumperk.cz\/#organization"},"potentialAction":[{"@type":"SearchAction","target":{"@type":"EntryPoint","urlTemplate":"https:\/\/peletysumperk.cz\/?s={search_term_string}"},"query-input":{"@type":"PropertyValueSpecification","valueRequired":true,"valueName":"search_term_string"}}],"inLanguage":"cs"},{"@type":"Organization","@id":"https:\/\/peletysumperk.cz\/#organization","name":"Pelety \u0160umperk","url":"https:\/\/peletysumperk.cz\/","logo":{"@type":"ImageObject","inLanguage":"cs","@id":"https:\/\/peletysumperk.cz\/#\/schema\/logo\/image\/","url":"https:\/\/peletysumperk.cz\/wp-content\/uploads\/2025\/02\/peletysumperk_logo_1.png","contentUrl":"https:\/\/peletysumperk.cz\/wp-content\/uploads\/2025\/02\/peletysumperk_logo_1.png","width":1080,"height":301,"caption":"Pelety \u0160umperk"},"image":{"@id":"https:\/\/peletysumperk.cz\/#\/schema\/logo\/image\/"}}]}},"_links":{"self":[{"href":"https:\/\/peletysumperk.cz\/index.php?rest_route=\/wp\/v2\/pages\/987880","targetHints":{"allow":["GET"]}}],"collection":[{"href":"https:\/\/peletysumperk.cz\/index.php?rest_route=\/wp\/v2\/pages"}],"about":[{"href":"https:\/\/peletysumperk.cz\/index.php?rest_route=\/wp\/v2\/types\/page"}],"author":[{"embeddable":true,"href":"https:\/\/peletysumperk.cz\/index.php?rest_route=\/wp\/v2\/users\/2"}],"replies":[{"embeddable":true,"href":"https:\/\/peletysumperk.cz\/index.php?rest_route=%2Fwp%2Fv2%2Fcomments&post=987880"}],"version-history":[{"count":25,"href":"https:\/\/peletysumperk.cz\/index.php?rest_route=\/wp\/v2\/pages\/987880\/revisions"}],"predecessor-version":[{"id":988153,"href":"https:\/\/peletysumperk.cz\/index.php?rest_route=\/wp\/v2\/pages\/987880\/revisions\/988153"}],"wp:attachment":[{"href":"https:\/\/peletysumperk.cz\/index.php?rest_route=%2Fwp%2Fv2%2Fmedia&parent=987880"}],"curies":[{"name":"wp","href":"https:\/\/api.w.org\/{rel}","templated":true}]}}