{"id":987878,"date":"2025-08-20T10:51:47","date_gmt":"2025-08-20T08:51:47","guid":{"rendered":"https:\/\/peletysumperk.cz\/?page_id=987878"},"modified":"2025-12-06T14:49:58","modified_gmt":"2025-12-06T13:49:58","slug":"cenik","status":"publish","type":"page","link":"https:\/\/peletysumperk.cz\/?page_id=987878","title":{"rendered":"Cen\u00edk"},"content":{"rendered":"\t\t<div data-elementor-type=\"wp-page\" data-elementor-id=\"987878\" class=\"elementor elementor-987878\" data-elementor-post-type=\"page\">\n\t\t\t\t<a class=\"elementor-element elementor-element-5e8023d3 vamtam-icon-hover-parent e-flex e-con-boxed e-con e-parent\" data-id=\"5e8023d3\" data-element_type=\"container\" data-settings=\"{&quot;background_background&quot;:&quot;classic&quot;}\" href=\"https:\/\/peletysumperk.cz\/?page_id=987878\">\n\t\t\t\t\t<div class=\"e-con-inner\">\n\t\t\t\t<div class=\"elementor-element elementor-element-6262673 elementor-widget elementor-widget-text-editor\" data-id=\"6262673\" data-element_type=\"widget\" data-widget_type=\"text-editor.default\">\n\t\t\t\t\t\t\t\t\t<h3><strong>R\u00c1DI V\u00c1M VYTVO\u0158\u00cdME INDIVIDU\u00c1LN\u00cd NAB\u00cdDKU CENY PALIVA! <br \/>STA\u010c\u00cd JEN ZAVOLAT!<\/strong><\/h3>\t\t\t\t\t\t\t\t<\/div>\n\t\t\t\t<div class=\"vamtam-has-theme-widget-styles elementor-element elementor-element-c232e0a vamtam-icon-pos-row-reverse vamtam-has-icon-styles vamtam-has-hover-anim vamtam-has-outside-icon elementor-align-center elementor-widget elementor-widget-button\" data-id=\"c232e0a\" data-element_type=\"widget\" data-widget_type=\"button.default\">\n\t\t\t\t\t\t\t\t\t\t<a class=\"elementor-button elementor-button-link elementor-size-sm\" href=\"https:\/\/peletysumperk.cz\/?page_id=49\">\n\t\t\t\t\t\t<span class=\"elementor-button-content-wrapper\">\n\t\t\t\t\t\t<span class=\"elementor-button-icon\">\n\t\t\t\t<i aria-hidden=\"true\" class=\"vamtamtheme- vamtam-theme-arrow-link-up\"><\/i>\t\t\t<\/span>\n\t\t\t\t\t\t\t\t\t<span class=\"elementor-button-text\">Objednat pelety<\/span>\n\t\t\t\t\t<\/span>\n\t\t\t\t\t<\/a>\n\t\t\t\t\t\t\t\t<\/div>\n\t\t<div class=\"elementor-element elementor-element-72560aa9 e-con-full e-flex e-con e-child\" data-id=\"72560aa9\" data-element_type=\"container\">\n\t\t<div class=\"elementor-element elementor-element-2c93fb3 e-con-full e-grid e-con e-child\" data-id=\"2c93fb3\" data-element_type=\"container\">\n\t\t\t\t<div class=\"elementor-element elementor-element-05fdba1 elementor-widget elementor-widget-image\" data-id=\"05fdba1\" data-element_type=\"widget\" data-widget_type=\"image.default\">\n\t\t\t\t\t\t\t\t\t\t\t\t\t\t\t<img fetchpriority=\"high\" decoding=\"async\" width=\"768\" height=\"1024\" src=\"https:\/\/peletysumperk.cz\/wp-content\/uploads\/2025\/10\/IMG_9266-scaled-1-768x1024.jpg\" class=\"attachment-large size-large wp-image-987981\" alt=\"\" srcset=\"https:\/\/peletysumperk.cz\/wp-content\/uploads\/2025\/10\/IMG_9266-scaled-1-768x1024.jpg 768w, https:\/\/peletysumperk.cz\/wp-content\/uploads\/2025\/10\/IMG_9266-scaled-1-225x300.jpg 225w, https:\/\/peletysumperk.cz\/wp-content\/uploads\/2025\/10\/IMG_9266-scaled-1-1152x1536.jpg 1152w, https:\/\/peletysumperk.cz\/wp-content\/uploads\/2025\/10\/IMG_9266-scaled-1-1536x2048.jpg 1536w, https:\/\/peletysumperk.cz\/wp-content\/uploads\/2025\/10\/IMG_9266-scaled-1.jpg 1920w\" sizes=\"(max-width: 768px) 100vw, 768px\" \/>\t\t\t\t\t\t\t\t\t\t\t\t\t\t\t<\/div>\n\t\t\t\t<div class=\"elementor-element elementor-element-006a635 elementor-widget elementor-widget-text-editor\" data-id=\"006a635\" data-element_type=\"widget\" data-widget_type=\"text-editor.default\">\n\t\t\t\t\t\t\t\t\t<h4 class=\"elementor-heading-title elementor-size-default\"><strong>PLETY &#8211; ENVITECH ENplus A1\u00a0<\/strong><\/h4><p>\u00a0<\/p><h4 class=\"elementor-heading-title elementor-size-default\"><strong>960,- K\u010d \/ q<\/strong><\/h4><p>\u00a0<\/p><p>Pelety ENVITECH EN<em>plus<\/em>\u00a0A1 vyr\u00e1b\u00edme v\u00fdhradn\u011b\u00a0<strong>z chemicky neo\u0161et\u0159en\u00fdch zbytk\u016f d\u0159eva<\/strong>\u00a0a nep\u0159id\u00e1v\u00e1me\u00a0<strong>\u017e\u00e1dn\u00e1 chemick\u00e1 pojiva<\/strong>, a proto je mo\u017en\u00e9 popel t\u011bchto pelet pou\u017e\u00edt jako p\u0159\u00edrodn\u00ed hnojivo. Z\u00e1kazn\u00edky \u010dasto sledovan\u00fdm parametrem je\u00a0<strong>barva pelet<\/strong>. My \u0159\u00edk\u00e1me, \u017ee kvalita pelet nez\u00e1vis\u00ed na jejich barv\u011b. Barva b\u00fdv\u00e1 ovlivn\u011bna druhem, st\u00e1\u0159\u00edm vstupn\u00edho materi\u00e1lu a zp\u016fsobem jej\u00edho su\u0161en\u00ed (tepl\u00fd vzduch, kou\u0159).<\/p>\t\t\t\t\t\t\t\t<\/div>\n\t\t\t\t<div class=\"elementor-element elementor-element-c4f7276 elementor-widget elementor-widget-image\" data-id=\"c4f7276\" data-element_type=\"widget\" data-widget_type=\"image.default\">\n\t\t\t\t\t\t\t\t\t\t\t\t\t\t\t<img decoding=\"async\" width=\"1024\" height=\"768\" src=\"https:\/\/peletysumperk.cz\/wp-content\/uploads\/2025\/12\/PELETY_A1ENPLUS.webp\" class=\"attachment-large size-large wp-image-988159\" alt=\"\" srcset=\"https:\/\/peletysumperk.cz\/wp-content\/uploads\/2025\/12\/PELETY_A1ENPLUS.webp 1024w, https:\/\/peletysumperk.cz\/wp-content\/uploads\/2025\/12\/PELETY_A1ENPLUS-300x225.webp 300w, https:\/\/peletysumperk.cz\/wp-content\/uploads\/2025\/12\/PELETY_A1ENPLUS-768x576.webp 768w\" sizes=\"(max-width: 1024px) 100vw, 1024px\" \/>\t\t\t\t\t\t\t\t\t\t\t\t\t\t\t<\/div>\n\t\t\t\t<div class=\"elementor-element elementor-element-0a6a2cf elementor-widget elementor-widget-text-editor\" data-id=\"0a6a2cf\" data-element_type=\"widget\" data-widget_type=\"text-editor.default\">\n\t\t\t\t\t\t\t\t\t<h4 class=\"elementor-heading-title elementor-size-default\"><strong>PLETY &#8211; PREMIUM ENplus A1<\/strong><\/h4><h4 class=\"elementor-heading-title elementor-size-default\"><strong>960,- K\u010d \/ q<\/strong><\/h4><p>Pelety ENVITECH EN<em>plus<\/em>\u00a0A1 vyr\u00e1b\u00edme v\u00fdhradn\u011b\u00a0<strong>z chemicky neo\u0161et\u0159en\u00fdch zbytk\u016f d\u0159eva<\/strong>\u00a0a nep\u0159id\u00e1v\u00e1me\u00a0<strong>\u017e\u00e1dn\u00e1 chemick\u00e1 pojiva<\/strong>, a proto je mo\u017en\u00e9 popel t\u011bchto pelet pou\u017e\u00edt jako p\u0159\u00edrodn\u00ed hnojivo. Z\u00e1kazn\u00edky \u010dasto sledovan\u00fdm parametrem je\u00a0<strong>barva pelet<\/strong>. My \u0159\u00edk\u00e1me, \u017ee kvalita pelet nez\u00e1vis\u00ed na jejich barv\u011b. Barva b\u00fdv\u00e1 ovlivn\u011bna druhem, st\u00e1\u0159\u00edm vstupn\u00edho materi\u00e1lu a zp\u016fsobem jej\u00edho su\u0161en\u00ed (tepl\u00fd vzduch, kou\u0159).<\/p>\t\t\t\t\t\t\t\t<\/div>\n\t\t\t\t<div class=\"elementor-element elementor-element-f4c4048 elementor-widget elementor-widget-image\" data-id=\"f4c4048\" data-element_type=\"widget\" data-widget_type=\"image.default\">\n\t\t\t\t\t\t\t\t\t\t\t\t\t\t\t<img decoding=\"async\" width=\"768\" height=\"1024\" src=\"https:\/\/peletysumperk.cz\/wp-content\/uploads\/2025\/12\/pelety_envitechspecial-768x1024.jpg\" class=\"attachment-large size-large wp-image-988203\" alt=\"\" srcset=\"https:\/\/peletysumperk.cz\/wp-content\/uploads\/2025\/12\/pelety_envitechspecial-768x1024.jpg 768w, https:\/\/peletysumperk.cz\/wp-content\/uploads\/2025\/12\/pelety_envitechspecial-225x300.jpg 225w, https:\/\/peletysumperk.cz\/wp-content\/uploads\/2025\/12\/pelety_envitechspecial.jpg 960w\" sizes=\"(max-width: 768px) 100vw, 768px\" \/>\t\t\t\t\t\t\t\t\t\t\t\t\t\t\t<\/div>\n\t\t\t\t<div class=\"elementor-element elementor-element-e8697b4 elementor-widget elementor-widget-text-editor\" data-id=\"e8697b4\" data-element_type=\"widget\" data-widget_type=\"text-editor.default\">\n\t\t\t\t\t\t\t\t\t<div class=\"elementor-element elementor-element-09d6b32 elementor-widget elementor-widget-heading\" data-id=\"09d6b32\" data-element_type=\"widget\" data-widget_type=\"heading.default\"><h4 class=\"elementor-heading-title elementor-size-default\"><strong>Pelety &#8211; ENVITECH A1 Special<\/strong><\/h4><p>\u00a0<\/p><h4 class=\"elementor-heading-title elementor-size-default\"><strong>960,- K\u010d \/ q<\/strong><\/h4><p>\u00a0<\/p><p>Pelety Special vyr\u00e1b\u00edme v\u00fdhradn\u011b\u00a0<strong>z chemicky neo\u0161et\u0159en\u00fdch zbytk\u016f d\u0159eva<\/strong>\u00a0a nep\u0159id\u00e1v\u00e1me\u00a0<strong>\u017e\u00e1dn\u00e1 chemick\u00e1 pojiva<\/strong>, a proto je mo\u017en\u00e9 popel t\u011bchto pelet pou\u017e\u00edt jako p\u0159\u00edrodn\u00ed hnojivo. Z\u00e1kazn\u00edky \u010dasto sledovan\u00fdm parametrem\u00a0<strong>barva pelet<\/strong>. My \u0159\u00edk\u00e1me, \u017ee kvalita pelet nez\u00e1vis\u00ed na jejich barv\u011b. Barva b\u00fdv\u00e1 ovlivn\u011bna druhem, st\u00e1\u0159\u00edm vstupn\u00edho materi\u00e1lu a zp\u016fsobem jej\u00edho su\u0161en\u00ed (tepl\u00fd vzduch, kou\u0159).<\/p><\/div>\t\t\t\t\t\t\t\t<\/div>\n\t\t\t\t<div class=\"elementor-element elementor-element-6cf2485 elementor-widget elementor-widget-image\" data-id=\"6cf2485\" data-element_type=\"widget\" data-widget_type=\"image.default\">\n\t\t\t\t\t\t\t\t\t\t\t\t\t\t\t<img loading=\"lazy\" decoding=\"async\" width=\"1024\" height=\"768\" src=\"https:\/\/peletysumperk.cz\/wp-content\/uploads\/2025\/12\/briketa_ruf.webp\" class=\"attachment-large size-large wp-image-988150\" alt=\"\" srcset=\"https:\/\/peletysumperk.cz\/wp-content\/uploads\/2025\/12\/briketa_ruf.webp 1024w, https:\/\/peletysumperk.cz\/wp-content\/uploads\/2025\/12\/briketa_ruf-300x225.webp 300w, https:\/\/peletysumperk.cz\/wp-content\/uploads\/2025\/12\/briketa_ruf-768x576.webp 768w\" sizes=\"(max-width: 1024px) 100vw, 1024px\" \/>\t\t\t\t\t\t\t\t\t\t\t\t\t\t\t<\/div>\n\t\t\t\t<div class=\"elementor-element elementor-element-4d3959a elementor-widget elementor-widget-text-editor\" data-id=\"4d3959a\" data-element_type=\"widget\" data-widget_type=\"text-editor.default\">\n\t\t\t\t\t\t\t\t\t<div class=\"elementor-element elementor-element-09d6b32 elementor-widget elementor-widget-heading\" data-id=\"09d6b32\" data-element_type=\"widget\" data-widget_type=\"heading.default\"><h4 class=\"elementor-heading-title elementor-size-default\"><strong>Briekty &#8211; RUF<\/strong><\/h4><h4>\u00a0<\/h4><h4 class=\"elementor-heading-title elementor-size-default\"><strong>740,- K\u010d \/ q<\/strong><\/h4><p>\u00a0<\/p><p>Kvalitn\u00ed d\u0159ev\u011bn\u00e9 brikety RUF ze 100% \u010dist\u00e9ho smrkov\u00e9ho d\u0159eva bez chemick\u00fdch pojiv. Charakteristick\u00e9 hranat\u00fdm tvarem, vysokou v\u00fdh\u0159evnost\u00ed a minim\u00e1ln\u00ed popelnatost\u00ed. Ide\u00e1ln\u00ed pro rychl\u00e9 zatopen\u00ed a efektivn\u00ed vyt\u00e1p\u011bn\u00ed va\u0161eho domova.<\/p><\/div>\t\t\t\t\t\t\t\t<\/div>\n\t\t\t\t<div class=\"elementor-element elementor-element-8d9faae elementor-widget elementor-widget-image\" data-id=\"8d9faae\" data-element_type=\"widget\" data-widget_type=\"image.default\">\n\t\t\t\t\t\t\t\t\t\t\t\t\t\t\t<img loading=\"lazy\" decoding=\"async\" width=\"1024\" height=\"768\" src=\"https:\/\/peletysumperk.cz\/wp-content\/uploads\/2025\/12\/birketa_dubbuk.webp\" class=\"attachment-large size-large wp-image-988140\" alt=\"\" srcset=\"https:\/\/peletysumperk.cz\/wp-content\/uploads\/2025\/12\/birketa_dubbuk.webp 1024w, https:\/\/peletysumperk.cz\/wp-content\/uploads\/2025\/12\/birketa_dubbuk-300x225.webp 300w, https:\/\/peletysumperk.cz\/wp-content\/uploads\/2025\/12\/birketa_dubbuk-768x576.webp 768w\" sizes=\"(max-width: 1024px) 100vw, 1024px\" \/>\t\t\t\t\t\t\t\t\t\t\t\t\t\t\t<\/div>\n\t\t\t\t<div class=\"elementor-element elementor-element-5f24890 elementor-widget elementor-widget-text-editor\" data-id=\"5f24890\" data-element_type=\"widget\" data-widget_type=\"text-editor.default\">\n\t\t\t\t\t\t\t\t\t<div class=\"elementor-element elementor-element-09d6b32 elementor-widget elementor-widget-heading\" data-id=\"09d6b32\" data-element_type=\"widget\" data-widget_type=\"heading.default\"><h4 class=\"elementor-heading-title elementor-size-default\"><strong>Briekty &#8211; dub\/buk<\/strong><\/h4><p>\u00a0<\/p><h4 class=\"elementor-heading-title elementor-size-default\"><strong>820,- K\u010d \/ q<\/strong><\/h4><p>\u00a0<\/p><p>Kvalitn\u00ed d\u0159ev\u011bn\u00e9 v\u00e1lcov\u00e9 brikety z tvrd\u00e9ho d\u0159eva (70% buk, 30% dub) bez chemick\u00fdch pojiv. Charakteristick\u00e9 v\u00e1lcov\u00fdm tvarem, vysokou v\u00fdh\u0159evnost\u00ed a dlouhou dobou ho\u0159en\u00ed. Ide\u00e1ln\u00ed pro dlouhodob\u00e9 vyt\u00e1p\u011bn\u00ed a efektivn\u00ed oh\u0159ev va\u0161eho domova.<\/p><\/div>\t\t\t\t\t\t\t\t<\/div>\n\t\t\t\t<\/div>\n\t\t\t\t<\/div>\n\t\t<div class=\"elementor-element elementor-element-3236f2ee e-con-full e-flex e-con e-child\" data-id=\"3236f2ee\" data-element_type=\"container\">\n\t\t\t\t<div class=\"vamtam-has-theme-widget-styles elementor-element elementor-element-f80fe11 vamtam-icon-pos-row-reverse vamtam-has-icon-styles vamtam-has-hover-anim vamtam-has-outside-icon elementor-widget elementor-widget-button\" data-id=\"f80fe11\" data-element_type=\"widget\" data-widget_type=\"button.default\">\n\t\t\t\t\t\t\t\t\t\t<a class=\"elementor-button elementor-button-link elementor-size-sm\" href=\"https:\/\/peletysumperk.cz\/?page_id=49\">\n\t\t\t\t\t\t<span class=\"elementor-button-content-wrapper\">\n\t\t\t\t\t\t<span class=\"elementor-button-icon\">\n\t\t\t\t<i aria-hidden=\"true\" class=\"vamtamtheme- vamtam-theme-arrow-link-up\"><\/i>\t\t\t<\/span>\n\t\t\t\t\t\t\t\t\t<span class=\"elementor-button-text\">Objednat pelety<\/span>\n\t\t\t\t\t<\/span>\n\t\t\t\t\t<\/a>\n\t\t\t\t\t\t\t\t<\/div>\n\t\t\t\t<\/div>\n\t\t\t\t\t<\/div>\n\t\t\t\t<\/a>\n\t\t\t\t<\/div>\n\t\t","protected":false},"excerpt":{"rendered":"<p>R\u00c1DI V\u00c1M VYTVO\u0158\u00cdME INDIVIDU\u00c1LN\u00cd NAB\u00cdDKU CENY PALIVA! STA\u010c\u00cd JEN ZAVOLAT! Objednat pelety PLETY &#8211; ENVITECH ENplus A1\u00a0 \u00a0 960,- K\u010d \/ q \u00a0 Pelety ENVITECH ENplus\u00a0A1 vyr\u00e1b\u00edme v\u00fdhradn\u011b\u00a0z chemicky neo\u0161et\u0159en\u00fdch zbytk\u016f d\u0159eva\u00a0a nep\u0159id\u00e1v\u00e1me\u00a0\u017e\u00e1dn\u00e1 chemick\u00e1 pojiva, a proto je mo\u017en\u00e9 popel t\u011bchto pelet pou\u017e\u00edt jako p\u0159\u00edrodn\u00ed hnojivo. Z\u00e1kazn\u00edky \u010dasto sledovan\u00fdm parametrem je\u00a0barva pelet. My \u0159\u00edk\u00e1me, \u017ee&#8230;<\/p>\n","protected":false},"author":2,"featured_media":0,"parent":0,"menu_order":0,"comment_status":"closed","ping_status":"closed","template":"","meta":{"footnotes":""},"class_list":["post-987878","page","type-page","status-publish","hentry"],"yoast_head":"<!-- This site is optimized with the Yoast SEO plugin v25.6 - https:\/\/yoast.com\/wordpress\/plugins\/seo\/ -->\n<title>Cen\u00edk - Pelety \u0160umperk<\/title>\n<meta name=\"robots\" content=\"index, follow, max-snippet:-1, max-image-preview:large, max-video-preview:-1\" \/>\n<link rel=\"canonical\" href=\"https:\/\/peletysumperk.cz\/?page_id=987878\" \/>\n<meta property=\"og:locale\" content=\"cs_CZ\" \/>\n<meta property=\"og:type\" content=\"article\" \/>\n<meta property=\"og:title\" content=\"Cen\u00edk - Pelety \u0160umperk\" \/>\n<meta property=\"og:description\" content=\"R\u00c1DI V\u00c1M VYTVO\u0158\u00cdME INDIVIDU\u00c1LN\u00cd NAB\u00cdDKU CENY PALIVA! STA\u010c\u00cd JEN ZAVOLAT! Objednat pelety PLETY &#8211; ENVITECH ENplus A1\u00a0 \u00a0 960,- K\u010d \/ q \u00a0 Pelety ENVITECH ENplus\u00a0A1 vyr\u00e1b\u00edme v\u00fdhradn\u011b\u00a0z chemicky neo\u0161et\u0159en\u00fdch zbytk\u016f d\u0159eva\u00a0a nep\u0159id\u00e1v\u00e1me\u00a0\u017e\u00e1dn\u00e1 chemick\u00e1 pojiva, a proto je mo\u017en\u00e9 popel t\u011bchto pelet pou\u017e\u00edt jako p\u0159\u00edrodn\u00ed hnojivo. Z\u00e1kazn\u00edky \u010dasto sledovan\u00fdm parametrem je\u00a0barva pelet. My \u0159\u00edk\u00e1me, \u017ee...\" \/>\n<meta property=\"og:url\" content=\"https:\/\/peletysumperk.cz\/?page_id=987878\" \/>\n<meta property=\"og:site_name\" content=\"Pelety \u0160umperk\" \/>\n<meta property=\"article:modified_time\" content=\"2025-12-06T13:49:58+00:00\" \/>\n<meta property=\"og:image\" content=\"https:\/\/peletysumperk.cz\/wp-content\/uploads\/2025\/10\/IMG_9266-scaled-1.jpg\" \/>\n\t<meta property=\"og:image:width\" content=\"1920\" \/>\n\t<meta property=\"og:image:height\" content=\"2560\" \/>\n\t<meta property=\"og:image:type\" content=\"image\/jpeg\" \/>\n<meta name=\"twitter:card\" content=\"summary_large_image\" \/>\n<meta name=\"twitter:label1\" content=\"Odhadovan\u00e1 doba \u010dten\u00ed\" \/>\n\t<meta name=\"twitter:data1\" content=\"3 minuty\" \/>\n<script type=\"application\/ld+json\" class=\"yoast-schema-graph\">{\"@context\":\"https:\/\/schema.org\",\"@graph\":[{\"@type\":\"WebPage\",\"@id\":\"https:\/\/peletysumperk.cz\/?page_id=987878\",\"url\":\"https:\/\/peletysumperk.cz\/?page_id=987878\",\"name\":\"Cen\u00edk - Pelety \u0160umperk\",\"isPartOf\":{\"@id\":\"https:\/\/peletysumperk.cz\/#website\"},\"primaryImageOfPage\":{\"@id\":\"https:\/\/peletysumperk.cz\/?page_id=987878#primaryimage\"},\"image\":{\"@id\":\"https:\/\/peletysumperk.cz\/?page_id=987878#primaryimage\"},\"thumbnailUrl\":\"https:\/\/peletysumperk.cz\/wp-content\/uploads\/2025\/10\/IMG_9266-scaled-1-768x1024.jpg\",\"datePublished\":\"2025-08-20T08:51:47+00:00\",\"dateModified\":\"2025-12-06T13:49:58+00:00\",\"breadcrumb\":{\"@id\":\"https:\/\/peletysumperk.cz\/?page_id=987878#breadcrumb\"},\"inLanguage\":\"cs\",\"potentialAction\":[{\"@type\":\"ReadAction\",\"target\":[\"https:\/\/peletysumperk.cz\/?page_id=987878\"]}]},{\"@type\":\"ImageObject\",\"inLanguage\":\"cs\",\"@id\":\"https:\/\/peletysumperk.cz\/?page_id=987878#primaryimage\",\"url\":\"https:\/\/peletysumperk.cz\/wp-content\/uploads\/2025\/10\/IMG_9266-scaled-1.jpg\",\"contentUrl\":\"https:\/\/peletysumperk.cz\/wp-content\/uploads\/2025\/10\/IMG_9266-scaled-1.jpg\",\"width\":1920,\"height\":2560},{\"@type\":\"BreadcrumbList\",\"@id\":\"https:\/\/peletysumperk.cz\/?page_id=987878#breadcrumb\",\"itemListElement\":[{\"@type\":\"ListItem\",\"position\":1,\"name\":\"Home\",\"item\":\"https:\/\/peletysumperk.cz\/\"},{\"@type\":\"ListItem\",\"position\":2,\"name\":\"Cen\u00edk\"}]},{\"@type\":\"WebSite\",\"@id\":\"https:\/\/peletysumperk.cz\/#website\",\"url\":\"https:\/\/peletysumperk.cz\/\",\"name\":\"Pelety \u0160umperk\",\"description\":\"Prodej voln\u00fdch i pytlovan\u00fdch d\u0159ev\u011bn\u00fdch pelet. Prodej paliv Hor\u00e1k\",\"publisher\":{\"@id\":\"https:\/\/peletysumperk.cz\/#organization\"},\"potentialAction\":[{\"@type\":\"SearchAction\",\"target\":{\"@type\":\"EntryPoint\",\"urlTemplate\":\"https:\/\/peletysumperk.cz\/?s={search_term_string}\"},\"query-input\":{\"@type\":\"PropertyValueSpecification\",\"valueRequired\":true,\"valueName\":\"search_term_string\"}}],\"inLanguage\":\"cs\"},{\"@type\":\"Organization\",\"@id\":\"https:\/\/peletysumperk.cz\/#organization\",\"name\":\"Pelety \u0160umperk\",\"url\":\"https:\/\/peletysumperk.cz\/\",\"logo\":{\"@type\":\"ImageObject\",\"inLanguage\":\"cs\",\"@id\":\"https:\/\/peletysumperk.cz\/#\/schema\/logo\/image\/\",\"url\":\"https:\/\/peletysumperk.cz\/wp-content\/uploads\/2025\/02\/peletysumperk_logo_1.png\",\"contentUrl\":\"https:\/\/peletysumperk.cz\/wp-content\/uploads\/2025\/02\/peletysumperk_logo_1.png\",\"width\":1080,\"height\":301,\"caption\":\"Pelety \u0160umperk\"},\"image\":{\"@id\":\"https:\/\/peletysumperk.cz\/#\/schema\/logo\/image\/\"}}]}<\/script>\n<!-- \/ Yoast SEO plugin. -->","yoast_head_json":{"title":"Cen\u00edk - Pelety \u0160umperk","robots":{"index":"index","follow":"follow","max-snippet":"max-snippet:-1","max-image-preview":"max-image-preview:large","max-video-preview":"max-video-preview:-1"},"canonical":"https:\/\/peletysumperk.cz\/?page_id=987878","og_locale":"cs_CZ","og_type":"article","og_title":"Cen\u00edk - Pelety \u0160umperk","og_description":"R\u00c1DI V\u00c1M VYTVO\u0158\u00cdME INDIVIDU\u00c1LN\u00cd NAB\u00cdDKU CENY PALIVA! STA\u010c\u00cd JEN ZAVOLAT! Objednat pelety PLETY &#8211; ENVITECH ENplus A1\u00a0 \u00a0 960,- K\u010d \/ q \u00a0 Pelety ENVITECH ENplus\u00a0A1 vyr\u00e1b\u00edme v\u00fdhradn\u011b\u00a0z chemicky neo\u0161et\u0159en\u00fdch zbytk\u016f d\u0159eva\u00a0a nep\u0159id\u00e1v\u00e1me\u00a0\u017e\u00e1dn\u00e1 chemick\u00e1 pojiva, a proto je mo\u017en\u00e9 popel t\u011bchto pelet pou\u017e\u00edt jako p\u0159\u00edrodn\u00ed hnojivo. Z\u00e1kazn\u00edky \u010dasto sledovan\u00fdm parametrem je\u00a0barva pelet. My \u0159\u00edk\u00e1me, \u017ee...","og_url":"https:\/\/peletysumperk.cz\/?page_id=987878","og_site_name":"Pelety \u0160umperk","article_modified_time":"2025-12-06T13:49:58+00:00","og_image":[{"width":1920,"height":2560,"url":"https:\/\/peletysumperk.cz\/wp-content\/uploads\/2025\/10\/IMG_9266-scaled-1.jpg","type":"image\/jpeg"}],"twitter_card":"summary_large_image","twitter_misc":{"Odhadovan\u00e1 doba \u010dten\u00ed":"3 minuty"},"schema":{"@context":"https:\/\/schema.org","@graph":[{"@type":"WebPage","@id":"https:\/\/peletysumperk.cz\/?page_id=987878","url":"https:\/\/peletysumperk.cz\/?page_id=987878","name":"Cen\u00edk - Pelety \u0160umperk","isPartOf":{"@id":"https:\/\/peletysumperk.cz\/#website"},"primaryImageOfPage":{"@id":"https:\/\/peletysumperk.cz\/?page_id=987878#primaryimage"},"image":{"@id":"https:\/\/peletysumperk.cz\/?page_id=987878#primaryimage"},"thumbnailUrl":"https:\/\/peletysumperk.cz\/wp-content\/uploads\/2025\/10\/IMG_9266-scaled-1-768x1024.jpg","datePublished":"2025-08-20T08:51:47+00:00","dateModified":"2025-12-06T13:49:58+00:00","breadcrumb":{"@id":"https:\/\/peletysumperk.cz\/?page_id=987878#breadcrumb"},"inLanguage":"cs","potentialAction":[{"@type":"ReadAction","target":["https:\/\/peletysumperk.cz\/?page_id=987878"]}]},{"@type":"ImageObject","inLanguage":"cs","@id":"https:\/\/peletysumperk.cz\/?page_id=987878#primaryimage","url":"https:\/\/peletysumperk.cz\/wp-content\/uploads\/2025\/10\/IMG_9266-scaled-1.jpg","contentUrl":"https:\/\/peletysumperk.cz\/wp-content\/uploads\/2025\/10\/IMG_9266-scaled-1.jpg","width":1920,"height":2560},{"@type":"BreadcrumbList","@id":"https:\/\/peletysumperk.cz\/?page_id=987878#breadcrumb","itemListElement":[{"@type":"ListItem","position":1,"name":"Home","item":"https:\/\/peletysumperk.cz\/"},{"@type":"ListItem","position":2,"name":"Cen\u00edk"}]},{"@type":"WebSite","@id":"https:\/\/peletysumperk.cz\/#website","url":"https:\/\/peletysumperk.cz\/","name":"Pelety \u0160umperk","description":"Prodej voln\u00fdch i pytlovan\u00fdch d\u0159ev\u011bn\u00fdch pelet. Prodej paliv Hor\u00e1k","publisher":{"@id":"https:\/\/peletysumperk.cz\/#organization"},"potentialAction":[{"@type":"SearchAction","target":{"@type":"EntryPoint","urlTemplate":"https:\/\/peletysumperk.cz\/?s={search_term_string}"},"query-input":{"@type":"PropertyValueSpecification","valueRequired":true,"valueName":"search_term_string"}}],"inLanguage":"cs"},{"@type":"Organization","@id":"https:\/\/peletysumperk.cz\/#organization","name":"Pelety \u0160umperk","url":"https:\/\/peletysumperk.cz\/","logo":{"@type":"ImageObject","inLanguage":"cs","@id":"https:\/\/peletysumperk.cz\/#\/schema\/logo\/image\/","url":"https:\/\/peletysumperk.cz\/wp-content\/uploads\/2025\/02\/peletysumperk_logo_1.png","contentUrl":"https:\/\/peletysumperk.cz\/wp-content\/uploads\/2025\/02\/peletysumperk_logo_1.png","width":1080,"height":301,"caption":"Pelety \u0160umperk"},"image":{"@id":"https:\/\/peletysumperk.cz\/#\/schema\/logo\/image\/"}}]}},"_links":{"self":[{"href":"https:\/\/peletysumperk.cz\/index.php?rest_route=\/wp\/v2\/pages\/987878","targetHints":{"allow":["GET"]}}],"collection":[{"href":"https:\/\/peletysumperk.cz\/index.php?rest_route=\/wp\/v2\/pages"}],"about":[{"href":"https:\/\/peletysumperk.cz\/index.php?rest_route=\/wp\/v2\/types\/page"}],"author":[{"embeddable":true,"href":"https:\/\/peletysumperk.cz\/index.php?rest_route=\/wp\/v2\/users\/2"}],"replies":[{"embeddable":true,"href":"https:\/\/peletysumperk.cz\/index.php?rest_route=%2Fwp%2Fv2%2Fcomments&post=987878"}],"version-history":[{"count":34,"href":"https:\/\/peletysumperk.cz\/index.php?rest_route=\/wp\/v2\/pages\/987878\/revisions"}],"predecessor-version":[{"id":988215,"href":"https:\/\/peletysumperk.cz\/index.php?rest_route=\/wp\/v2\/pages\/987878\/revisions\/988215"}],"wp:attachment":[{"href":"https:\/\/peletysumperk.cz\/index.php?rest_route=%2Fwp%2Fv2%2Fmedia&parent=987878"}],"curies":[{"name":"wp","href":"https:\/\/api.w.org\/{rel}","templated":true}]}}