{"id":987857,"date":"2025-08-20T10:40:15","date_gmt":"2025-08-20T08:40:15","guid":{"rendered":"https:\/\/peletysumperk.cz\/?page_id=987857"},"modified":"2025-08-20T10:40:59","modified_gmt":"2025-08-20T08:40:59","slug":"reklamacni-rad","status":"publish","type":"page","link":"https:\/\/peletysumperk.cz\/?page_id=987857","title":{"rendered":"Reklama\u010dn\u00ed \u0159\u00e1d"},"content":{"rendered":"\t\t<div data-elementor-type=\"wp-page\" data-elementor-id=\"987857\" class=\"elementor elementor-987857\" data-elementor-post-type=\"page\">\n\t\t\t\t<div class=\"elementor-element elementor-element-8069caa e-flex e-con-boxed e-con e-parent\" data-id=\"8069caa\" data-element_type=\"container\">\n\t\t\t\t\t<div class=\"e-con-inner\">\n\t\t\t\t<div class=\"elementor-element elementor-element-c7a0c6d elementor-widget elementor-widget-heading\" data-id=\"c7a0c6d\" data-element_type=\"widget\" data-widget_type=\"heading.default\">\n\t\t\t\t\t<h3 class=\"elementor-heading-title elementor-size-default\">What information do we collect?<\/h3>\t\t\t\t<\/div>\n\t\t\t\t<div class=\"elementor-element elementor-element-090bf29 elementor-widget elementor-widget-text-editor\" data-id=\"090bf29\" data-element_type=\"widget\" data-widget_type=\"text-editor.default\">\n\t\t\t\t\t\t\t\t\t<p>When you interact with us, we may collect your name, address, email address(es), telephone number(s), and, where appropriate, date of birth.<\/p>\t\t\t\t\t\t\t\t<\/div>\n\t\t\t\t<div class=\"elementor-element elementor-element-4c29010 elementor-widget elementor-widget-heading\" data-id=\"4c29010\" data-element_type=\"widget\" data-widget_type=\"heading.default\">\n\t\t\t\t\t<h3 class=\"elementor-heading-title elementor-size-default\">How do we collect information?<\/h3>\t\t\t\t<\/div>\n\t\t\t\t<div class=\"elementor-element elementor-element-15daf8a elementor-widget elementor-widget-text-editor\" data-id=\"15daf8a\" data-element_type=\"widget\" data-widget_type=\"text-editor.default\">\n\t\t\t\t\t\t\t\t\t<p>We may collect information about you whenever you interact with us. For example, when you contact regarding our activities, register as a supporter, send or receive information or sign a petition, you specifically and knowingly provide us with your personal information. We may also receive information about you from third parties \u2013 but only if you have given them permission to share your information.<\/p>\t\t\t\t\t\t\t\t<\/div>\n\t\t\t\t<div class=\"elementor-element elementor-element-a78167f elementor-widget elementor-widget-heading\" data-id=\"a78167f\" data-element_type=\"widget\" data-widget_type=\"heading.default\">\n\t\t\t\t\t<h3 class=\"elementor-heading-title elementor-size-default\">Confidentiality<\/h3>\t\t\t\t<\/div>\n\t\t\t\t<div class=\"elementor-element elementor-element-4c19e7f elementor-widget elementor-widget-text-editor\" data-id=\"4c19e7f\" data-element_type=\"widget\" data-widget_type=\"text-editor.default\">\n\t\t\t\t\t\t\t\t\t<p>We will not be responsible for the privacy of data collected by websites not owned or managed by Charity, including those linked through our website.<\/p>\t\t\t\t\t\t\t\t<\/div>\n\t\t\t\t<div class=\"elementor-element elementor-element-18e7ade elementor-widget elementor-widget-heading\" data-id=\"18e7ade\" data-element_type=\"widget\" data-widget_type=\"heading.default\">\n\t\t\t\t\t<h3 class=\"elementor-heading-title elementor-size-default\">Making a complaint\n<\/h3>\t\t\t\t<\/div>\n\t\t\t\t<div class=\"elementor-element elementor-element-1b75b49 elementor-widget elementor-widget-text-editor\" data-id=\"1b75b49\" data-element_type=\"widget\" data-widget_type=\"text-editor.default\">\n\t\t\t\t\t\t\t\t\t<p>If you are not satisfied with the response, please contact us at eagle-elite@email.com with the details explaining your concerns. We will review your complaint and investigate if the right procedures have been followed and respond back to you as appropriate. We aim to complete this investigation within 15 working days of receiving your complaint, however, in some cases it may take longer. If you are still unsatisfied with the response, you may contact us.<\/p>\t\t\t\t\t\t\t\t<\/div>\n\t\t\t\t\t<\/div>\n\t\t\t\t<\/div>\n\t\t\t\t<\/div>\n\t\t","protected":false},"excerpt":{"rendered":"<p>What information do we collect? When you interact with us, we may collect your name, address, email address(es), telephone number(s), and, where appropriate, date of birth. How do we collect information? We may collect information about you whenever you interact with us. For example, when you contact regarding our activities, register as a supporter, send&#8230;<\/p>\n","protected":false},"author":2,"featured_media":0,"parent":0,"menu_order":0,"comment_status":"closed","ping_status":"closed","template":"","meta":{"footnotes":""},"class_list":["post-987857","page","type-page","status-publish","hentry"],"yoast_head":"<!-- This site is optimized with the Yoast SEO plugin v25.6 - https:\/\/yoast.com\/wordpress\/plugins\/seo\/ -->\n<title>Reklama\u010dn\u00ed \u0159\u00e1d - Pelety \u0160umperk<\/title>\n<meta name=\"robots\" content=\"index, follow, max-snippet:-1, max-image-preview:large, max-video-preview:-1\" \/>\n<link rel=\"canonical\" href=\"https:\/\/peletysumperk.cz\/?page_id=987857\" \/>\n<meta property=\"og:locale\" content=\"cs_CZ\" \/>\n<meta property=\"og:type\" content=\"article\" \/>\n<meta property=\"og:title\" content=\"Reklama\u010dn\u00ed \u0159\u00e1d - Pelety \u0160umperk\" \/>\n<meta property=\"og:description\" content=\"What information do we collect? When you interact with us, we may collect your name, address, email address(es), telephone number(s), and, where appropriate, date of birth. How do we collect information? We may collect information about you whenever you interact with us. For example, when you contact regarding our activities, register as a supporter, send...\" \/>\n<meta property=\"og:url\" content=\"https:\/\/peletysumperk.cz\/?page_id=987857\" \/>\n<meta property=\"og:site_name\" content=\"Pelety \u0160umperk\" \/>\n<meta property=\"article:modified_time\" content=\"2025-08-20T08:40:59+00:00\" \/>\n<meta name=\"twitter:card\" content=\"summary_large_image\" \/>\n<meta name=\"twitter:label1\" content=\"Odhadovan\u00e1 doba \u010dten\u00ed\" \/>\n\t<meta name=\"twitter:data1\" content=\"2 minuty\" \/>\n<script type=\"application\/ld+json\" class=\"yoast-schema-graph\">{\"@context\":\"https:\/\/schema.org\",\"@graph\":[{\"@type\":\"WebPage\",\"@id\":\"https:\/\/peletysumperk.cz\/?page_id=987857\",\"url\":\"https:\/\/peletysumperk.cz\/?page_id=987857\",\"name\":\"Reklama\u010dn\u00ed \u0159\u00e1d - Pelety \u0160umperk\",\"isPartOf\":{\"@id\":\"https:\/\/peletysumperk.cz\/#website\"},\"datePublished\":\"2025-08-20T08:40:15+00:00\",\"dateModified\":\"2025-08-20T08:40:59+00:00\",\"breadcrumb\":{\"@id\":\"https:\/\/peletysumperk.cz\/?page_id=987857#breadcrumb\"},\"inLanguage\":\"cs\",\"potentialAction\":[{\"@type\":\"ReadAction\",\"target\":[\"https:\/\/peletysumperk.cz\/?page_id=987857\"]}]},{\"@type\":\"BreadcrumbList\",\"@id\":\"https:\/\/peletysumperk.cz\/?page_id=987857#breadcrumb\",\"itemListElement\":[{\"@type\":\"ListItem\",\"position\":1,\"name\":\"Home\",\"item\":\"https:\/\/peletysumperk.cz\/\"},{\"@type\":\"ListItem\",\"position\":2,\"name\":\"Reklama\u010dn\u00ed \u0159\u00e1d\"}]},{\"@type\":\"WebSite\",\"@id\":\"https:\/\/peletysumperk.cz\/#website\",\"url\":\"https:\/\/peletysumperk.cz\/\",\"name\":\"Pelety \u0160umperk\",\"description\":\"Prodej voln\u00fdch i pytlovan\u00fdch d\u0159ev\u011bn\u00fdch pelet. Prodej paliv Hor\u00e1k\",\"publisher\":{\"@id\":\"https:\/\/peletysumperk.cz\/#organization\"},\"potentialAction\":[{\"@type\":\"SearchAction\",\"target\":{\"@type\":\"EntryPoint\",\"urlTemplate\":\"https:\/\/peletysumperk.cz\/?s={search_term_string}\"},\"query-input\":{\"@type\":\"PropertyValueSpecification\",\"valueRequired\":true,\"valueName\":\"search_term_string\"}}],\"inLanguage\":\"cs\"},{\"@type\":\"Organization\",\"@id\":\"https:\/\/peletysumperk.cz\/#organization\",\"name\":\"Pelety \u0160umperk\",\"url\":\"https:\/\/peletysumperk.cz\/\",\"logo\":{\"@type\":\"ImageObject\",\"inLanguage\":\"cs\",\"@id\":\"https:\/\/peletysumperk.cz\/#\/schema\/logo\/image\/\",\"url\":\"https:\/\/peletysumperk.cz\/wp-content\/uploads\/2025\/02\/peletysumperk_logo_1.png\",\"contentUrl\":\"https:\/\/peletysumperk.cz\/wp-content\/uploads\/2025\/02\/peletysumperk_logo_1.png\",\"width\":1080,\"height\":301,\"caption\":\"Pelety \u0160umperk\"},\"image\":{\"@id\":\"https:\/\/peletysumperk.cz\/#\/schema\/logo\/image\/\"}}]}<\/script>\n<!-- \/ Yoast SEO plugin. -->","yoast_head_json":{"title":"Reklama\u010dn\u00ed \u0159\u00e1d - Pelety \u0160umperk","robots":{"index":"index","follow":"follow","max-snippet":"max-snippet:-1","max-image-preview":"max-image-preview:large","max-video-preview":"max-video-preview:-1"},"canonical":"https:\/\/peletysumperk.cz\/?page_id=987857","og_locale":"cs_CZ","og_type":"article","og_title":"Reklama\u010dn\u00ed \u0159\u00e1d - Pelety \u0160umperk","og_description":"What information do we collect? When you interact with us, we may collect your name, address, email address(es), telephone number(s), and, where appropriate, date of birth. How do we collect information? We may collect information about you whenever you interact with us. For example, when you contact regarding our activities, register as a supporter, send...","og_url":"https:\/\/peletysumperk.cz\/?page_id=987857","og_site_name":"Pelety \u0160umperk","article_modified_time":"2025-08-20T08:40:59+00:00","twitter_card":"summary_large_image","twitter_misc":{"Odhadovan\u00e1 doba \u010dten\u00ed":"2 minuty"},"schema":{"@context":"https:\/\/schema.org","@graph":[{"@type":"WebPage","@id":"https:\/\/peletysumperk.cz\/?page_id=987857","url":"https:\/\/peletysumperk.cz\/?page_id=987857","name":"Reklama\u010dn\u00ed \u0159\u00e1d - Pelety \u0160umperk","isPartOf":{"@id":"https:\/\/peletysumperk.cz\/#website"},"datePublished":"2025-08-20T08:40:15+00:00","dateModified":"2025-08-20T08:40:59+00:00","breadcrumb":{"@id":"https:\/\/peletysumperk.cz\/?page_id=987857#breadcrumb"},"inLanguage":"cs","potentialAction":[{"@type":"ReadAction","target":["https:\/\/peletysumperk.cz\/?page_id=987857"]}]},{"@type":"BreadcrumbList","@id":"https:\/\/peletysumperk.cz\/?page_id=987857#breadcrumb","itemListElement":[{"@type":"ListItem","position":1,"name":"Home","item":"https:\/\/peletysumperk.cz\/"},{"@type":"ListItem","position":2,"name":"Reklama\u010dn\u00ed \u0159\u00e1d"}]},{"@type":"WebSite","@id":"https:\/\/peletysumperk.cz\/#website","url":"https:\/\/peletysumperk.cz\/","name":"Pelety \u0160umperk","description":"Prodej voln\u00fdch i pytlovan\u00fdch d\u0159ev\u011bn\u00fdch pelet. Prodej paliv Hor\u00e1k","publisher":{"@id":"https:\/\/peletysumperk.cz\/#organization"},"potentialAction":[{"@type":"SearchAction","target":{"@type":"EntryPoint","urlTemplate":"https:\/\/peletysumperk.cz\/?s={search_term_string}"},"query-input":{"@type":"PropertyValueSpecification","valueRequired":true,"valueName":"search_term_string"}}],"inLanguage":"cs"},{"@type":"Organization","@id":"https:\/\/peletysumperk.cz\/#organization","name":"Pelety \u0160umperk","url":"https:\/\/peletysumperk.cz\/","logo":{"@type":"ImageObject","inLanguage":"cs","@id":"https:\/\/peletysumperk.cz\/#\/schema\/logo\/image\/","url":"https:\/\/peletysumperk.cz\/wp-content\/uploads\/2025\/02\/peletysumperk_logo_1.png","contentUrl":"https:\/\/peletysumperk.cz\/wp-content\/uploads\/2025\/02\/peletysumperk_logo_1.png","width":1080,"height":301,"caption":"Pelety \u0160umperk"},"image":{"@id":"https:\/\/peletysumperk.cz\/#\/schema\/logo\/image\/"}}]}},"_links":{"self":[{"href":"https:\/\/peletysumperk.cz\/index.php?rest_route=\/wp\/v2\/pages\/987857","targetHints":{"allow":["GET"]}}],"collection":[{"href":"https:\/\/peletysumperk.cz\/index.php?rest_route=\/wp\/v2\/pages"}],"about":[{"href":"https:\/\/peletysumperk.cz\/index.php?rest_route=\/wp\/v2\/types\/page"}],"author":[{"embeddable":true,"href":"https:\/\/peletysumperk.cz\/index.php?rest_route=\/wp\/v2\/users\/2"}],"replies":[{"embeddable":true,"href":"https:\/\/peletysumperk.cz\/index.php?rest_route=%2Fwp%2Fv2%2Fcomments&post=987857"}],"version-history":[{"count":4,"href":"https:\/\/peletysumperk.cz\/index.php?rest_route=\/wp\/v2\/pages\/987857\/revisions"}],"predecessor-version":[{"id":987861,"href":"https:\/\/peletysumperk.cz\/index.php?rest_route=\/wp\/v2\/pages\/987857\/revisions\/987861"}],"wp:attachment":[{"href":"https:\/\/peletysumperk.cz\/index.php?rest_route=%2Fwp%2Fv2%2Fmedia&parent=987857"}],"curies":[{"name":"wp","href":"https:\/\/api.w.org\/{rel}","templated":true}]}}